{"id":1801,"date":"2025-04-01T23:38:46","date_gmt":"2025-04-01T23:38:46","guid":{"rendered":"https:\/\/escouadedesarbres.ca\/?page_id=1801"},"modified":"2025-04-15T22:50:55","modified_gmt":"2025-04-15T22:50:55","slug":"removal","status":"publish","type":"page","link":"https:\/\/escouadedesarbres.ca\/fr\/removal\/","title":{"rendered":"Abattage"},"content":{"rendered":"<div class=\"wp-block-cover has-aspect-ratio\" style=\"margin-top:var(--wp--preset--spacing--50);margin-bottom:var(--wp--preset--spacing--50);aspect-ratio:auto;min-height:unset;\"><img loading=\"lazy\" decoding=\"async\" width=\"960\" height=\"200\" class=\"wp-block-cover__image-background wp-image-1910\" alt=\"\" src=\"https:\/\/escouadedesarbres.ca\/wp-content\/uploads\/2025\/04\/tree-1574559_960_720-min-1.webp\" data-object-fit=\"cover\" srcset=\"https:\/\/escouadedesarbres.ca\/wp-content\/uploads\/2025\/04\/tree-1574559_960_720-min-1.webp 960w, https:\/\/escouadedesarbres.ca\/wp-content\/uploads\/2025\/04\/tree-1574559_960_720-min-1-300x63.webp 300w, https:\/\/escouadedesarbres.ca\/wp-content\/uploads\/2025\/04\/tree-1574559_960_720-min-1-768x160.webp 768w, https:\/\/escouadedesarbres.ca\/wp-content\/uploads\/2025\/04\/tree-1574559_960_720-min-1-18x4.webp 18w, https:\/\/escouadedesarbres.ca\/wp-content\/uploads\/2025\/04\/tree-1574559_960_720-min-1-600x125.webp 600w\" sizes=\"auto, (max-width: 960px) 100vw, 960px\" \/><span aria-hidden=\"true\" class=\"wp-block-cover__background has-background-dim-30 has-background-dim\"><\/span><div class=\"wp-block-cover__inner-container is-layout-flow wp-block-cover-is-layout-flow\">\n<h1 class=\"wp-block-heading has-text-align-left shadow has-large-font-size\">Abattage<\/h1>\n<\/div><\/div>\n\n\n\n<div class=\"wp-block-media-text is-stacked-on-mobile\" style=\"margin-top:var(--wp--preset--spacing--40);margin-bottom:var(--wp--preset--spacing--40)\"><figure class=\"wp-block-media-text__media\"><img loading=\"lazy\" decoding=\"async\" width=\"1024\" height=\"597\" src=\"https:\/\/escouadedesarbres.ca\/wp-content\/uploads\/2025\/04\/image-1024x597.jpeg\" alt=\"L'abattage d'arbres\" class=\"wp-image-1802 size-full\" srcset=\"https:\/\/escouadedesarbres.ca\/wp-content\/uploads\/2025\/04\/image-1024x597.jpeg 1024w, https:\/\/escouadedesarbres.ca\/wp-content\/uploads\/2025\/04\/image-300x175.jpeg 300w, https:\/\/escouadedesarbres.ca\/wp-content\/uploads\/2025\/04\/image-768x448.jpeg 768w, https:\/\/escouadedesarbres.ca\/wp-content\/uploads\/2025\/04\/image-18x10.jpeg 18w, https:\/\/escouadedesarbres.ca\/wp-content\/uploads\/2025\/04\/image-600x350.jpeg 600w, https:\/\/escouadedesarbres.ca\/wp-content\/uploads\/2025\/04\/image.jpeg 1280w\" sizes=\"auto, (max-width: 1024px) 100vw, 1024px\" \/><\/figure><div class=\"wp-block-media-text__content\">\n<h2 class=\"wp-block-heading\">L'abattage d'arbres<\/h2>\n\n\n\n<p>Dans certaines situations, notamment quand l'arbre constitue une nuisance ou un danger pour la s\u00e9curit\u00e9, il devient n\u00e9cessaire de l\u2019abattre. Dans ce cas, l'Escouade des arbres utilisent les techniques de s\u00e9curit\u00e9 les plus \u00e0 jours.<\/p>\n<\/div><\/div>\n\n\n\n<div class=\"wp-block-media-text is-stacked-on-mobile\" style=\"padding-top:var(--wp--preset--spacing--40);padding-bottom:var(--wp--preset--spacing--40)\"><figure class=\"wp-block-media-text__media\"><img loading=\"lazy\" decoding=\"async\" width=\"1024\" height=\"656\" src=\"https:\/\/escouadedesarbres.ca\/wp-content\/uploads\/2025\/04\/image-1-1024x656.jpeg\" alt=\"\" class=\"wp-image-1803 size-full\" srcset=\"https:\/\/escouadedesarbres.ca\/wp-content\/uploads\/2025\/04\/image-1-1024x656.jpeg 1024w, https:\/\/escouadedesarbres.ca\/wp-content\/uploads\/2025\/04\/image-1-300x192.jpeg 300w, https:\/\/escouadedesarbres.ca\/wp-content\/uploads\/2025\/04\/image-1-768x492.jpeg 768w, https:\/\/escouadedesarbres.ca\/wp-content\/uploads\/2025\/04\/image-1-18x12.jpeg 18w, https:\/\/escouadedesarbres.ca\/wp-content\/uploads\/2025\/04\/image-1-600x384.jpeg 600w, https:\/\/escouadedesarbres.ca\/wp-content\/uploads\/2025\/04\/image-1.jpeg 1280w\" sizes=\"auto, (max-width: 1024px) 100vw, 1024px\" \/><\/figure><div class=\"wp-block-media-text__content\">\n<h2 class=\"wp-block-heading\">Le permis d'abattage<\/h2>\n\n\n\n<p>La majorit\u00e9 des municipalit\u00e9s exigent que les citoyens obtiennent un permis pour faire abattre un arbre sur leur terrain. Il est donc tr\u00e8s important de vous informer des r\u00e8gles pour votre secteur et d\u2019obtenir votre permis avant le d\u00e9but des travaux d\u2019abattage, la cas \u00e9ch\u00e9ant. L'Escouade des arbres poss\u00e8de toutes les comp\u00e9tences requises pour abattre vos arbres en respectant les r\u00e8gles de l\u2019art.<\/p>\n<\/div><\/div>\n\n\n\n<div class=\"wp-block-media-text is-stacked-on-mobile\" style=\"padding-top:var(--wp--preset--spacing--40);padding-bottom:var(--wp--preset--spacing--40)\"><figure class=\"wp-block-media-text__media\"><img loading=\"lazy\" decoding=\"async\" width=\"1024\" height=\"545\" src=\"https:\/\/escouadedesarbres.ca\/wp-content\/uploads\/2025\/04\/image-2-1024x545.jpeg\" alt=\"Le d\u00e9chiquetage des branches\" class=\"wp-image-1804 size-full\" srcset=\"https:\/\/escouadedesarbres.ca\/wp-content\/uploads\/2025\/04\/image-2-1024x545.jpeg 1024w, https:\/\/escouadedesarbres.ca\/wp-content\/uploads\/2025\/04\/image-2-300x160.jpeg 300w, https:\/\/escouadedesarbres.ca\/wp-content\/uploads\/2025\/04\/image-2-768x409.jpeg 768w, https:\/\/escouadedesarbres.ca\/wp-content\/uploads\/2025\/04\/image-2-18x10.jpeg 18w, https:\/\/escouadedesarbres.ca\/wp-content\/uploads\/2025\/04\/image-2-600x319.jpeg 600w, https:\/\/escouadedesarbres.ca\/wp-content\/uploads\/2025\/04\/image-2.jpeg 1280w\" sizes=\"auto, (max-width: 1024px) 100vw, 1024px\" \/><\/figure><div class=\"wp-block-media-text__content\">\n<h2 class=\"wp-block-heading\">Le d\u00e9chiquetage des branches<\/h2>\n\n\n\n<p>Les branches d'arbres seront d\u00e9chiquet\u00e9s et nous disposerons des copeaux afin que votre terrain soit propre et agr\u00e9able \u00e0 la fin des travaux.<\/p>\n<\/div><\/div>\n\n\n\n<div class=\"wp-block-media-text is-stacked-on-mobile\" style=\"padding-top:var(--wp--preset--spacing--40);padding-bottom:var(--wp--preset--spacing--40)\"><figure class=\"wp-block-media-text__media\"><img loading=\"lazy\" decoding=\"async\" width=\"1024\" height=\"554\" src=\"https:\/\/escouadedesarbres.ca\/wp-content\/uploads\/2025\/04\/image-3-1024x554.jpeg\" alt=\"\" class=\"wp-image-1805 size-full\" srcset=\"https:\/\/escouadedesarbres.ca\/wp-content\/uploads\/2025\/04\/image-3-1024x554.jpeg 1024w, https:\/\/escouadedesarbres.ca\/wp-content\/uploads\/2025\/04\/image-3-300x162.jpeg 300w, https:\/\/escouadedesarbres.ca\/wp-content\/uploads\/2025\/04\/image-3-768x416.jpeg 768w, https:\/\/escouadedesarbres.ca\/wp-content\/uploads\/2025\/04\/image-3-18x10.jpeg 18w, https:\/\/escouadedesarbres.ca\/wp-content\/uploads\/2025\/04\/image-3-600x325.jpeg 600w, https:\/\/escouadedesarbres.ca\/wp-content\/uploads\/2025\/04\/image-3.jpeg 1280w\" sizes=\"auto, (max-width: 1024px) 100vw, 1024px\" \/><\/figure><div class=\"wp-block-media-text__content\">\n<h2 class=\"wp-block-heading\">Le ramassage du bois<\/h2>\n\n\n\n<p>Une fois les travaux d'abattage termin\u00e9s, vous pourrez garder les quelques grosses pi\u00e8ces de bois non d\u00e9chiquet\u00e9s, si vous le souhaitez ou l\u2019Escouade des arbres se chargera de vous en d\u00e9barrasser.<\/p>\n<\/div><\/div>\n\n\n\n<div class=\"wp-block-media-text is-stacked-on-mobile\" style=\"padding-top:var(--wp--preset--spacing--40);padding-bottom:var(--wp--preset--spacing--40)\"><figure class=\"wp-block-media-text__media\"><img loading=\"lazy\" decoding=\"async\" width=\"1024\" height=\"552\" src=\"https:\/\/escouadedesarbres.ca\/wp-content\/uploads\/2025\/04\/image-4-1024x552.jpeg\" alt=\"\" class=\"wp-image-1806 size-full\" srcset=\"https:\/\/escouadedesarbres.ca\/wp-content\/uploads\/2025\/04\/image-4-1024x552.jpeg 1024w, https:\/\/escouadedesarbres.ca\/wp-content\/uploads\/2025\/04\/image-4-300x162.jpeg 300w, https:\/\/escouadedesarbres.ca\/wp-content\/uploads\/2025\/04\/image-4-768x414.jpeg 768w, https:\/\/escouadedesarbres.ca\/wp-content\/uploads\/2025\/04\/image-4-18x10.jpeg 18w, https:\/\/escouadedesarbres.ca\/wp-content\/uploads\/2025\/04\/image-4-600x323.jpeg 600w, https:\/\/escouadedesarbres.ca\/wp-content\/uploads\/2025\/04\/image-4.jpeg 1280w\" sizes=\"auto, (max-width: 1024px) 100vw, 1024px\" \/><\/figure><div class=\"wp-block-media-text__content\">\n<h2 class=\"wp-block-heading\">L'Essouchement<\/h2>\n\n\n\n<p>Il est possible de faire enlever la souche de l\u2019arbre abattu jusqu'\u00e0 6 \u00e0 8 pouces sous le sol, pour faire dispara\u00eetre d\u00e9finitivement toute trace de l'arbre. Ceci vous permettra le r\u00e9-am\u00e9nagement de votre terrain.<\/p>\n<\/div><\/div>\n\n\n\n<div class=\"wp-block-uagb-call-to-action uagb-block-eaedf297 wp-block-button\"><div class=\"uagb-cta__wrap\"><h3 class=\"uagb-cta__title\"><strong>Contactez-nous d\u00e8s aujourd'hui pour une estimation gratuite !<\/strong><\/h3><p class=\"uagb-cta__desc\">\ud83d\udcde <strong>T\u00e9l\u00e9phone :<\/strong> (514) 943-4542<br>\ud83d\udce7 <strong>Courriel :<\/strong> <a class=\"\">info@escouadedesarbres.ca<\/a><\/p><\/div><div class=\"uagb-cta__buttons\"><a href=\"\/fr\/contact\/\" class=\"uagb-cta__button-link-wrapper wp-block-button__link\" target=\"_self\" rel=\"noopener noreferrer\">Obtenir un devis gratuit<\/a><\/div><\/div>","protected":false},"excerpt":{"rendered":"<p>Tree removal In some situations, tree removal is a necessity to protect or improve an environment when the tree is a nuisance or is incurable. To guarantee safety during the work, the Treesquad uses the most up-to-date safety techniques. The city permit The majority of municipalities ask for a permit under certain conditions. It is [&hellip;]<\/p>","protected":false},"author":2,"featured_media":1808,"parent":0,"menu_order":0,"comment_status":"closed","ping_status":"closed","template":"","meta":{"_uag_custom_page_level_css":"","site-sidebar-layout":"default","site-content-layout":"","ast-site-content-layout":"default","site-content-style":"default","site-sidebar-style":"default","ast-global-header-display":"","ast-banner-title-visibility":"","ast-main-header-display":"","ast-hfb-above-header-display":"","ast-hfb-below-header-display":"","ast-hfb-mobile-header-display":"","site-post-title":"disabled","ast-breadcrumbs-content":"","ast-featured-img":"disabled","footer-sml-layout":"","ast-disable-related-posts":"","theme-transparent-header-meta":"","adv-header-id-meta":"","stick-header-meta":"","header-above-stick-meta":"","header-main-stick-meta":"","header-below-stick-meta":"","astra-migrate-meta-layouts":"set","ast-page-background-enabled":"default","ast-page-background-meta":{"desktop":{"background-color":"var(--ast-global-color-4)","background-image":"","background-repeat":"repeat","background-position":"center center","background-size":"auto","background-attachment":"scroll","background-type":"","background-media":"","overlay-type":"","overlay-color":"","overlay-opacity":"","overlay-gradient":""},"tablet":{"background-color":"","background-image":"","background-repeat":"repeat","background-position":"center center","background-size":"auto","background-attachment":"scroll","background-type":"","background-media":"","overlay-type":"","overlay-color":"","overlay-opacity":"","overlay-gradient":""},"mobile":{"background-color":"","background-image":"","background-repeat":"repeat","background-position":"center center","background-size":"auto","background-attachment":"scroll","background-type":"","background-media":"","overlay-type":"","overlay-color":"","overlay-opacity":"","overlay-gradient":""}},"ast-content-background-meta":{"desktop":{"background-color":"var(--ast-global-color-5)","background-image":"","background-repeat":"repeat","background-position":"center center","background-size":"auto","background-attachment":"scroll","background-type":"","background-media":"","overlay-type":"","overlay-color":"","overlay-opacity":"","overlay-gradient":""},"tablet":{"background-color":"var(--ast-global-color-5)","background-image":"","background-repeat":"repeat","background-position":"center center","background-size":"auto","background-attachment":"scroll","background-type":"","background-media":"","overlay-type":"","overlay-color":"","overlay-opacity":"","overlay-gradient":""},"mobile":{"background-color":"var(--ast-global-color-5)","background-image":"","background-repeat":"repeat","background-position":"center center","background-size":"auto","background-attachment":"scroll","background-type":"","background-media":"","overlay-type":"","overlay-color":"","overlay-opacity":"","overlay-gradient":""}},"footnotes":""},"class_list":["post-1801","page","type-page","status-publish","has-post-thumbnail","hentry"],"aioseo_notices":[],"uagb_featured_image_src":{"full":["https:\/\/escouadedesarbres.ca\/wp-content\/uploads\/2025\/04\/tree-1574559_960_720-min.jpg",960,640,false],"thumbnail":["https:\/\/escouadedesarbres.ca\/wp-content\/uploads\/2025\/04\/tree-1574559_960_720-min-150x150.jpg",150,150,true],"medium":["https:\/\/escouadedesarbres.ca\/wp-content\/uploads\/2025\/04\/tree-1574559_960_720-min-300x200.jpg",300,200,true],"medium_large":["https:\/\/escouadedesarbres.ca\/wp-content\/uploads\/2025\/04\/tree-1574559_960_720-min-768x512.jpg",768,512,true],"large":["https:\/\/escouadedesarbres.ca\/wp-content\/uploads\/2025\/04\/tree-1574559_960_720-min.jpg",960,640,false],"1536x1536":["https:\/\/escouadedesarbres.ca\/wp-content\/uploads\/2025\/04\/tree-1574559_960_720-min.jpg",960,640,false],"2048x2048":["https:\/\/escouadedesarbres.ca\/wp-content\/uploads\/2025\/04\/tree-1574559_960_720-min.jpg",960,640,false],"trp-custom-language-flag":["https:\/\/escouadedesarbres.ca\/wp-content\/uploads\/2025\/04\/tree-1574559_960_720-min-18x12.jpg",18,12,true],"woocommerce_thumbnail":["https:\/\/escouadedesarbres.ca\/wp-content\/uploads\/2025\/04\/tree-1574559_960_720-min-300x300.jpg",300,300,true],"woocommerce_single":["https:\/\/escouadedesarbres.ca\/wp-content\/uploads\/2025\/04\/tree-1574559_960_720-min-600x400.jpg",600,400,true],"woocommerce_gallery_thumbnail":["https:\/\/escouadedesarbres.ca\/wp-content\/uploads\/2025\/04\/tree-1574559_960_720-min-100x100.jpg",100,100,true]},"uagb_author_info":{"display_name":"Nicolas Desjardins","author_link":"https:\/\/escouadedesarbres.ca\/fr\/author\/admin\/"},"uagb_comment_info":0,"uagb_excerpt":"Tree removal In some situations, tree removal is a necessity to protect or improve an environment when the tree is a nuisance or is incurable. To guarantee safety during the work, the Treesquad uses the most up-to-date safety techniques. The city permit The majority of municipalities ask for a permit under certain conditions. It is&hellip;","_links":{"self":[{"href":"https:\/\/escouadedesarbres.ca\/fr\/wp-json\/wp\/v2\/pages\/1801","targetHints":{"allow":["GET"]}}],"collection":[{"href":"https:\/\/escouadedesarbres.ca\/fr\/wp-json\/wp\/v2\/pages"}],"about":[{"href":"https:\/\/escouadedesarbres.ca\/fr\/wp-json\/wp\/v2\/types\/page"}],"author":[{"embeddable":true,"href":"https:\/\/escouadedesarbres.ca\/fr\/wp-json\/wp\/v2\/users\/2"}],"replies":[{"embeddable":true,"href":"https:\/\/escouadedesarbres.ca\/fr\/wp-json\/wp\/v2\/comments?post=1801"}],"version-history":[{"count":10,"href":"https:\/\/escouadedesarbres.ca\/fr\/wp-json\/wp\/v2\/pages\/1801\/revisions"}],"predecessor-version":[{"id":1998,"href":"https:\/\/escouadedesarbres.ca\/fr\/wp-json\/wp\/v2\/pages\/1801\/revisions\/1998"}],"wp:featuredmedia":[{"embeddable":true,"href":"https:\/\/escouadedesarbres.ca\/fr\/wp-json\/wp\/v2\/media\/1808"}],"wp:attachment":[{"href":"https:\/\/escouadedesarbres.ca\/fr\/wp-json\/wp\/v2\/media?parent=1801"}],"curies":[{"name":"wp","href":"https:\/\/api.w.org\/{rel}","templated":true}]}}