{"id":1823,"date":"2025-04-01T23:50:43","date_gmt":"2025-04-01T23:50:43","guid":{"rendered":"https:\/\/escouadedesarbres.ca\/?page_id=1823"},"modified":"2025-04-15T22:50:44","modified_gmt":"2025-04-15T22:50:44","slug":"pruning","status":"publish","type":"page","link":"https:\/\/escouadedesarbres.ca\/fr\/pruning\/","title":{"rendered":"\u00c9lagage"},"content":{"rendered":"<div class=\"wp-block-cover has-aspect-ratio\" style=\"margin-top:var(--wp--preset--spacing--50);margin-bottom:var(--wp--preset--spacing--50);aspect-ratio:auto;min-height:unset;\"><img loading=\"lazy\" decoding=\"async\" width=\"960\" height=\"200\" class=\"wp-block-cover__image-background wp-image-1910\" alt=\"\" src=\"https:\/\/escouadedesarbres.ca\/wp-content\/uploads\/2025\/04\/tree-1574559_960_720-min-1.webp\" data-object-fit=\"cover\" srcset=\"https:\/\/escouadedesarbres.ca\/wp-content\/uploads\/2025\/04\/tree-1574559_960_720-min-1.webp 960w, https:\/\/escouadedesarbres.ca\/wp-content\/uploads\/2025\/04\/tree-1574559_960_720-min-1-300x63.webp 300w, https:\/\/escouadedesarbres.ca\/wp-content\/uploads\/2025\/04\/tree-1574559_960_720-min-1-768x160.webp 768w, https:\/\/escouadedesarbres.ca\/wp-content\/uploads\/2025\/04\/tree-1574559_960_720-min-1-18x4.webp 18w, https:\/\/escouadedesarbres.ca\/wp-content\/uploads\/2025\/04\/tree-1574559_960_720-min-1-600x125.webp 600w\" sizes=\"auto, (max-width: 960px) 100vw, 960px\" \/><span aria-hidden=\"true\" class=\"wp-block-cover__background has-background-dim-30 has-background-dim\"><\/span><div class=\"wp-block-cover__inner-container is-layout-flow wp-block-cover-is-layout-flow\">\n<h1 class=\"wp-block-heading has-text-align-left shadow has-large-font-size\">\u00c9lagage<\/h1>\n<\/div><\/div>\n\n\n\n<div class=\"wp-block-media-text is-stacked-on-mobile\"><figure class=\"wp-block-media-text__media\"><img loading=\"lazy\" decoding=\"async\" width=\"1024\" height=\"576\" src=\"https:\/\/escouadedesarbres.ca\/wp-content\/uploads\/2025\/04\/image-5-1024x576.jpeg\" alt=\"L'\u00c9lagage d'arbre\" class=\"wp-image-1826 size-full\" srcset=\"https:\/\/escouadedesarbres.ca\/wp-content\/uploads\/2025\/04\/image-5-1024x576.jpeg 1024w, https:\/\/escouadedesarbres.ca\/wp-content\/uploads\/2025\/04\/image-5-300x169.jpeg 300w, https:\/\/escouadedesarbres.ca\/wp-content\/uploads\/2025\/04\/image-5-768x432.jpeg 768w, https:\/\/escouadedesarbres.ca\/wp-content\/uploads\/2025\/04\/image-5-18x10.jpeg 18w, https:\/\/escouadedesarbres.ca\/wp-content\/uploads\/2025\/04\/image-5-600x338.jpeg 600w, https:\/\/escouadedesarbres.ca\/wp-content\/uploads\/2025\/04\/image-5.jpeg 1280w\" sizes=\"auto, (max-width: 1024px) 100vw, 1024px\" \/><\/figure><div class=\"wp-block-media-text__content\">\n<h2 class=\"wp-block-heading\">L'\u00c9lagage d'arbre<\/h2>\n\n\n\n<p>L'\u00e9lagage (aussi appel\u00e9 \u00e9mondage) consiste \u00e0 tailler les branches d'un arbre pour le structurer, lui permettre de pousser dans un milieu urbain de fa\u00e7on s\u00e9curitaire et de lui assurez une croissance en sant\u00e9 tout au long de sa vie.<\/p>\n<\/div><\/div>\n\n\n\n<h2 class=\"wp-block-heading\" style=\"margin-top:var(--wp--preset--spacing--60);margin-bottom:var(--wp--preset--spacing--60)\"><strong>Il existe diff\u00e9rentes techniques d'\u00e9lagages pour r\u00e9pondre \u00e0 vos besoins:<\/strong><\/h2>\n\n\n\n<div class=\"wp-block-uagb-container uagb-block-99a2a2f8 alignfull uagb-is-root-container\"><div class=\"uagb-container-inner-blocks-wrap\">\n<div class=\"wp-block-uagb-container uagb-layout-flex uagb-block-c093789b\">\n<figure class=\"wp-block-image size-full\"><img loading=\"lazy\" decoding=\"async\" width=\"1280\" height=\"1280\" src=\"https:\/\/escouadedesarbres.ca\/wp-content\/uploads\/2025\/04\/image-6.jpeg\" alt=\"Sanitaire\" class=\"wp-image-1827\" srcset=\"https:\/\/escouadedesarbres.ca\/wp-content\/uploads\/2025\/04\/image-6.jpeg 1280w, https:\/\/escouadedesarbres.ca\/wp-content\/uploads\/2025\/04\/image-6-300x300.jpeg 300w, https:\/\/escouadedesarbres.ca\/wp-content\/uploads\/2025\/04\/image-6-1024x1024.jpeg 1024w, https:\/\/escouadedesarbres.ca\/wp-content\/uploads\/2025\/04\/image-6-150x150.jpeg 150w, https:\/\/escouadedesarbres.ca\/wp-content\/uploads\/2025\/04\/image-6-768x768.jpeg 768w, https:\/\/escouadedesarbres.ca\/wp-content\/uploads\/2025\/04\/image-6-12x12.jpeg 12w, https:\/\/escouadedesarbres.ca\/wp-content\/uploads\/2025\/04\/image-6-600x600.jpeg 600w, https:\/\/escouadedesarbres.ca\/wp-content\/uploads\/2025\/04\/image-6-100x100.jpeg 100w\" sizes=\"auto, (max-width: 1280px) 100vw, 1280px\" \/><\/figure>\n\n\n\n<h4 class=\"wp-block-heading has-text-align-center\" id=\"h.x0a8rxtkou40_l\">Sanitaire<\/h4>\n\n\n\n<p class=\"has-text-align-center\">Utilis\u00e9 pour enlever les branches nuisibles d'un arbre et ainsi en am\u00e9liorer la sant\u00e9.<\/p>\n<\/div>\n\n\n\n<div class=\"wp-block-uagb-container uagb-block-98663c26\">\n<figure class=\"wp-block-image size-full\"><img loading=\"lazy\" decoding=\"async\" width=\"384\" height=\"384\" src=\"https:\/\/escouadedesarbres.ca\/wp-content\/uploads\/2025\/04\/image-7.jpeg\" alt=\"\u00c9clairsissement\" class=\"wp-image-1828\" srcset=\"https:\/\/escouadedesarbres.ca\/wp-content\/uploads\/2025\/04\/image-7.jpeg 384w, https:\/\/escouadedesarbres.ca\/wp-content\/uploads\/2025\/04\/image-7-300x300.jpeg 300w, https:\/\/escouadedesarbres.ca\/wp-content\/uploads\/2025\/04\/image-7-150x150.jpeg 150w, https:\/\/escouadedesarbres.ca\/wp-content\/uploads\/2025\/04\/image-7-12x12.jpeg 12w, https:\/\/escouadedesarbres.ca\/wp-content\/uploads\/2025\/04\/image-7-100x100.jpeg 100w\" sizes=\"auto, (max-width: 384px) 100vw, 384px\" \/><\/figure>\n\n\n\n<h4 class=\"wp-block-heading has-text-align-center\" id=\"h.mcctsdb28c4j_l\">\u00c9clairsissement<\/h4>\n\n\n\n<p class=\"has-text-align-center\">Utilis\u00e9 pour restructurer un arbre dans le but de laisser passer le soleil. Souvent utiliser sur des terrains avec piscine et\/ou jardin potager.<\/p>\n<\/div>\n\n\n\n<div class=\"wp-block-uagb-container uagb-block-bfc1ee47\">\n<figure class=\"wp-block-image size-full\"><img loading=\"lazy\" decoding=\"async\" width=\"1280\" height=\"1280\" src=\"https:\/\/escouadedesarbres.ca\/wp-content\/uploads\/2025\/04\/image-8.jpeg\" alt=\"Rehaussement\" class=\"wp-image-1829\" srcset=\"https:\/\/escouadedesarbres.ca\/wp-content\/uploads\/2025\/04\/image-8.jpeg 1280w, https:\/\/escouadedesarbres.ca\/wp-content\/uploads\/2025\/04\/image-8-300x300.jpeg 300w, https:\/\/escouadedesarbres.ca\/wp-content\/uploads\/2025\/04\/image-8-1024x1024.jpeg 1024w, https:\/\/escouadedesarbres.ca\/wp-content\/uploads\/2025\/04\/image-8-150x150.jpeg 150w, https:\/\/escouadedesarbres.ca\/wp-content\/uploads\/2025\/04\/image-8-768x768.jpeg 768w, https:\/\/escouadedesarbres.ca\/wp-content\/uploads\/2025\/04\/image-8-12x12.jpeg 12w, https:\/\/escouadedesarbres.ca\/wp-content\/uploads\/2025\/04\/image-8-600x600.jpeg 600w, https:\/\/escouadedesarbres.ca\/wp-content\/uploads\/2025\/04\/image-8-100x100.jpeg 100w\" sizes=\"auto, (max-width: 1280px) 100vw, 1280px\" \/><\/figure>\n\n\n\n<h4 class=\"wp-block-heading has-text-align-center\" id=\"h.5vvu93xmeav2_l\">Rehaussement<\/h4>\n\n\n\n<p class=\"has-text-align-center\">Utilis\u00e9 pour d\u00e9gager les branches les plus basses de l'arbre et ainsi permettre un meilleur acc\u00e8s et une meilleure visibilit\u00e9 pour la propri\u00e9t\u00e9.<\/p>\n<\/div>\n\n\n\n<div class=\"wp-block-uagb-container uagb-block-c1f275ad\">\n<figure class=\"wp-block-image size-full\"><img loading=\"lazy\" decoding=\"async\" width=\"1280\" height=\"1280\" src=\"https:\/\/escouadedesarbres.ca\/wp-content\/uploads\/2025\/04\/image-9.jpeg\" alt=\"\" class=\"wp-image-1830\" srcset=\"https:\/\/escouadedesarbres.ca\/wp-content\/uploads\/2025\/04\/image-9.jpeg 1280w, https:\/\/escouadedesarbres.ca\/wp-content\/uploads\/2025\/04\/image-9-300x300.jpeg 300w, https:\/\/escouadedesarbres.ca\/wp-content\/uploads\/2025\/04\/image-9-1024x1024.jpeg 1024w, https:\/\/escouadedesarbres.ca\/wp-content\/uploads\/2025\/04\/image-9-150x150.jpeg 150w, https:\/\/escouadedesarbres.ca\/wp-content\/uploads\/2025\/04\/image-9-768x768.jpeg 768w, https:\/\/escouadedesarbres.ca\/wp-content\/uploads\/2025\/04\/image-9-12x12.jpeg 12w, https:\/\/escouadedesarbres.ca\/wp-content\/uploads\/2025\/04\/image-9-600x600.jpeg 600w, https:\/\/escouadedesarbres.ca\/wp-content\/uploads\/2025\/04\/image-9-100x100.jpeg 100w\" sizes=\"auto, (max-width: 1280px) 100vw, 1280px\" \/><\/figure>\n\n\n\n<h4 class=\"wp-block-heading has-text-align-center\" id=\"h.ojzgjedda3ep_l\">Formation<\/h4>\n\n\n\n<p class=\"has-text-align-center\">Utilis\u00e9 sur les plus jeunes arbres, ce type d\u2019\u00e9lagage permet une croissance seine, sans probl\u00e8me de structure nuisible, tout en respectant le port naturel de l'arbre.<\/p>\n<\/div>\n\n\n\n<div class=\"wp-block-uagb-container uagb-block-f249a8d2\">\n<figure class=\"wp-block-image size-full\"><img loading=\"lazy\" decoding=\"async\" width=\"1280\" height=\"1260\" src=\"https:\/\/escouadedesarbres.ca\/wp-content\/uploads\/2025\/04\/image-10.jpeg\" alt=\"D\u00e9gagement\" class=\"wp-image-1831\" srcset=\"https:\/\/escouadedesarbres.ca\/wp-content\/uploads\/2025\/04\/image-10.jpeg 1280w, https:\/\/escouadedesarbres.ca\/wp-content\/uploads\/2025\/04\/image-10-300x295.jpeg 300w, https:\/\/escouadedesarbres.ca\/wp-content\/uploads\/2025\/04\/image-10-1024x1008.jpeg 1024w, https:\/\/escouadedesarbres.ca\/wp-content\/uploads\/2025\/04\/image-10-768x756.jpeg 768w, https:\/\/escouadedesarbres.ca\/wp-content\/uploads\/2025\/04\/image-10-12x12.jpeg 12w, https:\/\/escouadedesarbres.ca\/wp-content\/uploads\/2025\/04\/image-10-600x591.jpeg 600w\" sizes=\"auto, (max-width: 1280px) 100vw, 1280px\" \/><\/figure>\n\n\n\n<h4 class=\"wp-block-heading has-text-align-center\">D\u00e9gagement<\/h4>\n\n\n\n<p class=\"has-text-align-center\">Utilis\u00e9 pour restructurer un arbre lorsque ce dernier nuit \u00e0 des structures environnantes comme des b\u00e2timents, des fils \u00e9lectriques, etc.<\/p>\n<\/div>\n\n\n\n<div class=\"wp-block-uagb-container uagb-block-12c96202\">\n<figure class=\"wp-block-image size-full\"><img loading=\"lazy\" decoding=\"async\" width=\"393\" height=\"393\" src=\"https:\/\/escouadedesarbres.ca\/wp-content\/uploads\/2025\/04\/image-12.jpeg\" alt=\"\" class=\"wp-image-1833\" srcset=\"https:\/\/escouadedesarbres.ca\/wp-content\/uploads\/2025\/04\/image-12.jpeg 393w, https:\/\/escouadedesarbres.ca\/wp-content\/uploads\/2025\/04\/image-12-300x300.jpeg 300w, https:\/\/escouadedesarbres.ca\/wp-content\/uploads\/2025\/04\/image-12-150x150.jpeg 150w, https:\/\/escouadedesarbres.ca\/wp-content\/uploads\/2025\/04\/image-12-12x12.jpeg 12w, https:\/\/escouadedesarbres.ca\/wp-content\/uploads\/2025\/04\/image-12-100x100.jpeg 100w\" sizes=\"auto, (max-width: 393px) 100vw, 393px\" \/><\/figure>\n\n\n\n<h4 class=\"wp-block-heading has-text-align-center\" id=\"h.ta0dvep3j07z_l\">\u00c9t\u00eattage \/ \u00c9cimage<\/h4>\n\n\n\n<p class=\"has-text-align-center\">Utilis\u00e9 qu'en cas d'extr\u00eame n\u00e9cessit\u00e9, elle permet de r\u00e9duire la hauteur d'un arbre. Toutefois, cette op\u00e9ration peut causer son d\u00e9p\u00e9rissement. Habituellement, d'autres techniques plus efficaces serons utilis\u00e9s.<\/p>\n<\/div>\n\n\n\n<div class=\"wp-block-uagb-container uagb-block-d449dfd4\">\n<figure class=\"wp-block-image size-full\"><img loading=\"lazy\" decoding=\"async\" width=\"1280\" height=\"935\" src=\"https:\/\/escouadedesarbres.ca\/wp-content\/uploads\/2025\/04\/image-13.jpeg\" alt=\"ramasseras les branches\" class=\"wp-image-1840\" srcset=\"https:\/\/escouadedesarbres.ca\/wp-content\/uploads\/2025\/04\/image-13.jpeg 1280w, https:\/\/escouadedesarbres.ca\/wp-content\/uploads\/2025\/04\/image-13-300x219.jpeg 300w, https:\/\/escouadedesarbres.ca\/wp-content\/uploads\/2025\/04\/image-13-1024x748.jpeg 1024w, https:\/\/escouadedesarbres.ca\/wp-content\/uploads\/2025\/04\/image-13-768x561.jpeg 768w, https:\/\/escouadedesarbres.ca\/wp-content\/uploads\/2025\/04\/image-13-16x12.jpeg 16w, https:\/\/escouadedesarbres.ca\/wp-content\/uploads\/2025\/04\/image-13-600x438.jpeg 600w\" sizes=\"auto, (max-width: 1280px) 100vw, 1280px\" \/><\/figure>\n<\/div>\n\n\n\n<div class=\"wp-block-uagb-container uagb-block-3080f103\">\n<figure class=\"wp-block-image size-full\"><img loading=\"lazy\" decoding=\"async\" width=\"1280\" height=\"934\" src=\"https:\/\/escouadedesarbres.ca\/wp-content\/uploads\/2025\/04\/image-14.jpeg\" alt=\"souffleur\" class=\"wp-image-1841\" srcset=\"https:\/\/escouadedesarbres.ca\/wp-content\/uploads\/2025\/04\/image-14.jpeg 1280w, https:\/\/escouadedesarbres.ca\/wp-content\/uploads\/2025\/04\/image-14-300x219.jpeg 300w, https:\/\/escouadedesarbres.ca\/wp-content\/uploads\/2025\/04\/image-14-1024x747.jpeg 1024w, https:\/\/escouadedesarbres.ca\/wp-content\/uploads\/2025\/04\/image-14-768x560.jpeg 768w, https:\/\/escouadedesarbres.ca\/wp-content\/uploads\/2025\/04\/image-14-16x12.jpeg 16w, https:\/\/escouadedesarbres.ca\/wp-content\/uploads\/2025\/04\/image-14-600x438.jpeg 600w\" sizes=\"auto, (max-width: 1280px) 100vw, 1280px\" \/><\/figure>\n<\/div>\n\n\n\n<div class=\"wp-block-uagb-container uagb-block-465ab1c1\">\n<figure class=\"wp-block-image size-full\"><img loading=\"lazy\" decoding=\"async\" width=\"1280\" height=\"930\" src=\"https:\/\/escouadedesarbres.ca\/wp-content\/uploads\/2025\/04\/image-15.jpeg\" alt=\"ramassage du bois\" class=\"wp-image-1843\" srcset=\"https:\/\/escouadedesarbres.ca\/wp-content\/uploads\/2025\/04\/image-15.jpeg 1280w, https:\/\/escouadedesarbres.ca\/wp-content\/uploads\/2025\/04\/image-15-300x218.jpeg 300w, https:\/\/escouadedesarbres.ca\/wp-content\/uploads\/2025\/04\/image-15-1024x744.jpeg 1024w, https:\/\/escouadedesarbres.ca\/wp-content\/uploads\/2025\/04\/image-15-768x558.jpeg 768w, https:\/\/escouadedesarbres.ca\/wp-content\/uploads\/2025\/04\/image-15-18x12.jpeg 18w, https:\/\/escouadedesarbres.ca\/wp-content\/uploads\/2025\/04\/image-15-600x436.jpeg 600w\" sizes=\"auto, (max-width: 1280px) 100vw, 1280px\" \/><\/figure>\n<\/div>\n<\/div><\/div>\n\n\n\n<h4 class=\"wp-block-heading has-text-align-center\">L'Escouade des arbres ramasseras les branches et le bois coup\u00e9 <\/h4>\n\n\n\n<h4 class=\"wp-block-heading has-text-align-center\">pour que votre terrain reste propres et que vous gardiez le sourire!<\/h4>\n\n\n\n<div class=\"wp-block-uagb-call-to-action uagb-block-eaedf297 wp-block-button\"><div class=\"uagb-cta__wrap\"><h3 class=\"uagb-cta__title\"><strong>Contactez-nous d\u00e8s aujourd'hui pour une estimation gratuite !<\/strong><\/h3><p class=\"uagb-cta__desc\">\ud83d\udcde <strong>T\u00e9l\u00e9phone :<\/strong> (514) 943-4542<br>\ud83d\udce7 <strong>Courriel :<\/strong> <a class=\"\">info@escouadedesarbres.ca<\/a><\/p><\/div><div class=\"uagb-cta__buttons\"><a href=\"\/fr\/contact\/\" class=\"uagb-cta__button-link-wrapper wp-block-button__link\" target=\"_self\" rel=\"noopener noreferrer\">Obtenir un devis gratuit<\/a><\/div><\/div>","protected":false},"excerpt":{"rendered":"<p>The Tree Pruning Tree pruning (also called trimming) consists of removing the branches of a tree to structure it, allow it to grow safely in an urban environment and ensure healthy growth throughout its life. There are different pruning techniques to meet your needs. Sanitary Used to remove harmful branches from a tree, to heal [&hellip;]<\/p>","protected":false},"author":2,"featured_media":0,"parent":0,"menu_order":0,"comment_status":"closed","ping_status":"closed","template":"","meta":{"_uag_custom_page_level_css":"","site-sidebar-layout":"default","site-content-layout":"","ast-site-content-layout":"default","site-content-style":"default","site-sidebar-style":"default","ast-global-header-display":"","ast-banner-title-visibility":"","ast-main-header-display":"","ast-hfb-above-header-display":"","ast-hfb-below-header-display":"","ast-hfb-mobile-header-display":"","site-post-title":"disabled","ast-breadcrumbs-content":"","ast-featured-img":"","footer-sml-layout":"","ast-disable-related-posts":"","theme-transparent-header-meta":"","adv-header-id-meta":"","stick-header-meta":"","header-above-stick-meta":"","header-main-stick-meta":"","header-below-stick-meta":"","astra-migrate-meta-layouts":"set","ast-page-background-enabled":"default","ast-page-background-meta":{"desktop":{"background-color":"var(--ast-global-color-4)","background-image":"","background-repeat":"repeat","background-position":"center center","background-size":"auto","background-attachment":"scroll","background-type":"","background-media":"","overlay-type":"","overlay-color":"","overlay-opacity":"","overlay-gradient":""},"tablet":{"background-color":"","background-image":"","background-repeat":"repeat","background-position":"center center","background-size":"auto","background-attachment":"scroll","background-type":"","background-media":"","overlay-type":"","overlay-color":"","overlay-opacity":"","overlay-gradient":""},"mobile":{"background-color":"","background-image":"","background-repeat":"repeat","background-position":"center center","background-size":"auto","background-attachment":"scroll","background-type":"","background-media":"","overlay-type":"","overlay-color":"","overlay-opacity":"","overlay-gradient":""}},"ast-content-background-meta":{"desktop":{"background-color":"var(--ast-global-color-5)","background-image":"","background-repeat":"repeat","background-position":"center center","background-size":"auto","background-attachment":"scroll","background-type":"","background-media":"","overlay-type":"","overlay-color":"","overlay-opacity":"","overlay-gradient":""},"tablet":{"background-color":"var(--ast-global-color-5)","background-image":"","background-repeat":"repeat","background-position":"center center","background-size":"auto","background-attachment":"scroll","background-type":"","background-media":"","overlay-type":"","overlay-color":"","overlay-opacity":"","overlay-gradient":""},"mobile":{"background-color":"var(--ast-global-color-5)","background-image":"","background-repeat":"repeat","background-position":"center center","background-size":"auto","background-attachment":"scroll","background-type":"","background-media":"","overlay-type":"","overlay-color":"","overlay-opacity":"","overlay-gradient":""}},"footnotes":""},"class_list":["post-1823","page","type-page","status-publish","hentry"],"aioseo_notices":[],"uagb_featured_image_src":{"full":false,"thumbnail":false,"medium":false,"medium_large":false,"large":false,"1536x1536":false,"2048x2048":false,"trp-custom-language-flag":false,"woocommerce_thumbnail":false,"woocommerce_single":false,"woocommerce_gallery_thumbnail":false},"uagb_author_info":{"display_name":"Nicolas Desjardins","author_link":"https:\/\/escouadedesarbres.ca\/fr\/author\/admin\/"},"uagb_comment_info":0,"uagb_excerpt":"The Tree Pruning Tree pruning (also called trimming) consists of removing the branches of a tree to structure it, allow it to grow safely in an urban environment and ensure healthy growth throughout its life. There are different pruning techniques to meet your needs. Sanitary Used to remove harmful branches from a tree, to heal&hellip;","_links":{"self":[{"href":"https:\/\/escouadedesarbres.ca\/fr\/wp-json\/wp\/v2\/pages\/1823","targetHints":{"allow":["GET"]}}],"collection":[{"href":"https:\/\/escouadedesarbres.ca\/fr\/wp-json\/wp\/v2\/pages"}],"about":[{"href":"https:\/\/escouadedesarbres.ca\/fr\/wp-json\/wp\/v2\/types\/page"}],"author":[{"embeddable":true,"href":"https:\/\/escouadedesarbres.ca\/fr\/wp-json\/wp\/v2\/users\/2"}],"replies":[{"embeddable":true,"href":"https:\/\/escouadedesarbres.ca\/fr\/wp-json\/wp\/v2\/comments?post=1823"}],"version-history":[{"count":10,"href":"https:\/\/escouadedesarbres.ca\/fr\/wp-json\/wp\/v2\/pages\/1823\/revisions"}],"predecessor-version":[{"id":1997,"href":"https:\/\/escouadedesarbres.ca\/fr\/wp-json\/wp\/v2\/pages\/1823\/revisions\/1997"}],"wp:attachment":[{"href":"https:\/\/escouadedesarbres.ca\/fr\/wp-json\/wp\/v2\/media?parent=1823"}],"curies":[{"name":"wp","href":"https:\/\/api.w.org\/{rel}","templated":true}]}}