{"id":1888,"date":"2025-04-09T22:57:51","date_gmt":"2025-04-09T22:57:51","guid":{"rendered":"https:\/\/escouadedesarbres.ca\/?page_id=1888"},"modified":"2025-04-15T22:56:16","modified_gmt":"2025-04-15T22:56:16","slug":"plantation","status":"publish","type":"page","link":"https:\/\/escouadedesarbres.ca\/fr\/plantation\/","title":{"rendered":"plantation"},"content":{"rendered":"<div class=\"wp-block-cover has-aspect-ratio\" style=\"margin-top:var(--wp--preset--spacing--50);margin-bottom:var(--wp--preset--spacing--50);aspect-ratio:auto;min-height:unset;\"><img loading=\"lazy\" decoding=\"async\" width=\"960\" height=\"200\" class=\"wp-block-cover__image-background wp-image-1910\" alt=\"\" src=\"https:\/\/escouadedesarbres.ca\/wp-content\/uploads\/2025\/04\/tree-1574559_960_720-min-1.webp\" data-object-fit=\"cover\" srcset=\"https:\/\/escouadedesarbres.ca\/wp-content\/uploads\/2025\/04\/tree-1574559_960_720-min-1.webp 960w, https:\/\/escouadedesarbres.ca\/wp-content\/uploads\/2025\/04\/tree-1574559_960_720-min-1-300x63.webp 300w, https:\/\/escouadedesarbres.ca\/wp-content\/uploads\/2025\/04\/tree-1574559_960_720-min-1-768x160.webp 768w, https:\/\/escouadedesarbres.ca\/wp-content\/uploads\/2025\/04\/tree-1574559_960_720-min-1-18x4.webp 18w, https:\/\/escouadedesarbres.ca\/wp-content\/uploads\/2025\/04\/tree-1574559_960_720-min-1-600x125.webp 600w\" sizes=\"auto, (max-width: 960px) 100vw, 960px\" \/><span aria-hidden=\"true\" class=\"wp-block-cover__background has-background-dim-30 has-background-dim\"><\/span><div class=\"wp-block-cover__inner-container is-layout-flow wp-block-cover-is-layout-flow\">\n<h1 class=\"wp-block-heading has-text-align-left shadow has-large-font-size\">Plantation<\/h1>\n<\/div><\/div>\n\n\n\n<div class=\"wp-block-media-text is-stacked-on-mobile\" style=\"grid-template-columns:46% auto\"><figure class=\"wp-block-media-text__media\"><img loading=\"lazy\" decoding=\"async\" width=\"1024\" height=\"683\" src=\"https:\/\/escouadedesarbres.ca\/wp-content\/uploads\/2025\/04\/6042a106-571a-47f3-96df-283b53356fd6-1-1024x683.jpg\" alt=\"\" class=\"wp-image-1897 size-full\" srcset=\"https:\/\/escouadedesarbres.ca\/wp-content\/uploads\/2025\/04\/6042a106-571a-47f3-96df-283b53356fd6-1-1024x683.jpg 1024w, https:\/\/escouadedesarbres.ca\/wp-content\/uploads\/2025\/04\/6042a106-571a-47f3-96df-283b53356fd6-1-300x200.jpg 300w, https:\/\/escouadedesarbres.ca\/wp-content\/uploads\/2025\/04\/6042a106-571a-47f3-96df-283b53356fd6-1-768x512.jpg 768w, https:\/\/escouadedesarbres.ca\/wp-content\/uploads\/2025\/04\/6042a106-571a-47f3-96df-283b53356fd6-1-1536x1024.jpg 1536w, https:\/\/escouadedesarbres.ca\/wp-content\/uploads\/2025\/04\/6042a106-571a-47f3-96df-283b53356fd6-1-18x12.jpg 18w, https:\/\/escouadedesarbres.ca\/wp-content\/uploads\/2025\/04\/6042a106-571a-47f3-96df-283b53356fd6-1-600x400.jpg 600w, https:\/\/escouadedesarbres.ca\/wp-content\/uploads\/2025\/04\/6042a106-571a-47f3-96df-283b53356fd6-1.jpg 2048w\" sizes=\"auto, (max-width: 1024px) 100vw, 1024px\" \/><\/figure><div class=\"wp-block-media-text__content\">\n<h4 class=\"wp-block-heading\">Besoin d'un nouvel arbre ?<\/h4>\n\n\n\n<p>Votre partenaire expert pour transformer votre pelouse en un sanctuaire vert et prosp\u00e8re. Notre \u00e9quipe d'arboristes qualifi\u00e9s se sp\u00e9cialise dans la s\u00e9lection et la plantation d'arbres adapt\u00e9s au climat et aux conditions de sol uniques du Qu\u00e9bec.<\/p>\n<\/div><\/div>\n\n\n\n<hr class=\"wp-block-separator has-alpha-channel-opacity\"\/>\n\n\n\n<h2 class=\"wp-block-heading\" style=\"margin-top:var(--wp--preset--spacing--50);margin-bottom:var(--wp--preset--spacing--50)\"><strong>Pourquoi planter des arbres sur votre propri\u00e9t\u00e9 ?<\/strong><\/h2>\n\n\n\n<ul class=\"wp-block-list\">\n<li><strong>Augmenter la valeur de la propri\u00e9t\u00e9 :<\/strong><br>De beaux arbres matures peuvent augmenter la valeur marchande de votre propri\u00e9t\u00e9 jusqu'\u00e0 20 %, en am\u00e9liorant l'attrait de la fa\u00e7ade et en attirant des acheteurs potentiels.<\/li>\n\n\n\n<li><strong>\u00c9conomiser l'\u00e9nergie et r\u00e9duire les co\u00fbts :<\/strong><br>Les arbres rafra\u00eechissent naturellement votre maison, ce qui r\u00e9duit consid\u00e9rablement les d\u00e9penses de climatisation pendant les \u00e9t\u00e9s chauds du Qu\u00e9bec, et agissent comme brise-vent en hiver pour r\u00e9duire les co\u00fbts de chauffage.<\/li>\n\n\n\n<li><strong>Une meilleure qualit\u00e9 de l'air et une meilleure sant\u00e9 :<\/strong><br>Les arbres \u00e9liminent efficacement les polluants de l'air, ce qui permet \u00e0 votre famille de respirer un air plus propre et plus frais.<\/li>\n\n\n\n<li><strong>Prot\u00e9ger la biodiversit\u00e9 locale :<\/strong><br>Les arbres indig\u00e8nes du Qu\u00e9bec attirent une faune b\u00e9n\u00e9fique, ce qui contribue \u00e0 pr\u00e9server et \u00e0 enrichir les \u00e9cosyst\u00e8mes locaux.<\/li>\n\n\n\n<li><strong>Contribuer \u00e0 un environnement plus vert :<\/strong><br>Les arbres absorbent le dioxyde de carbone et contribuent \u00e0 lutter contre le changement climatique en r\u00e9duisant les \u00e9missions de gaz \u00e0 effet de serre.<\/li>\n<\/ul>\n\n\n\n<div class=\"wp-block-columns is-layout-flex wp-container-core-columns-is-layout-28f84493 wp-block-columns-is-layout-flex\">\n<div class=\"wp-block-column is-layout-flow wp-block-column-is-layout-flow\" style=\"flex-basis:66.66%\">\n<h2 class=\"wp-block-heading\"><strong>Pourquoi choisir l'Escouade des arbres?<\/strong><\/h2>\n\n\n\n<p><strong>N<\/strong>ous ne nous contentons pas de planter des arbres, nous cr\u00e9ons une valeur durable. Nous comprenons les d\u00e9fis et les avantages sp\u00e9cifiques de la plantation d'arbres au Qu\u00e9bec, et nous nous assurons que chaque arbre plant\u00e9 b\u00e9n\u00e9ficie d'une sant\u00e9 et d'une croissance optimales.<\/p>\n<\/div>\n\n\n\n<div class=\"wp-block-column is-layout-flow wp-block-column-is-layout-flow\" style=\"flex-basis:33.33%\">\n<figure class=\"wp-block-image size-large\"><img loading=\"lazy\" decoding=\"async\" width=\"1024\" height=\"683\" src=\"https:\/\/escouadedesarbres.ca\/wp-content\/uploads\/2025\/04\/657fa5b3-2bad-48a2-8ab2-7f2928cbf167-1024x683.jpg\" alt=\"\" class=\"wp-image-1922\" srcset=\"https:\/\/escouadedesarbres.ca\/wp-content\/uploads\/2025\/04\/657fa5b3-2bad-48a2-8ab2-7f2928cbf167-1024x683.jpg 1024w, https:\/\/escouadedesarbres.ca\/wp-content\/uploads\/2025\/04\/657fa5b3-2bad-48a2-8ab2-7f2928cbf167-300x200.jpg 300w, https:\/\/escouadedesarbres.ca\/wp-content\/uploads\/2025\/04\/657fa5b3-2bad-48a2-8ab2-7f2928cbf167-768x512.jpg 768w, https:\/\/escouadedesarbres.ca\/wp-content\/uploads\/2025\/04\/657fa5b3-2bad-48a2-8ab2-7f2928cbf167-18x12.jpg 18w, https:\/\/escouadedesarbres.ca\/wp-content\/uploads\/2025\/04\/657fa5b3-2bad-48a2-8ab2-7f2928cbf167-600x400.jpg 600w, https:\/\/escouadedesarbres.ca\/wp-content\/uploads\/2025\/04\/657fa5b3-2bad-48a2-8ab2-7f2928cbf167.jpg 1125w\" sizes=\"auto, (max-width: 1024px) 100vw, 1024px\" \/><\/figure>\n<\/div>\n<\/div>\n\n\n\n<h3 class=\"wp-block-heading\"><strong>Nos services de plantation d'arbres comprennent<\/strong><\/h3>\n\n\n\n<ul class=\"wp-block-list\">\n<li><strong>Inspection rigoureuse des arbres :<\/strong><br>Chaque arbre est soigneusement inspect\u00e9 pour v\u00e9rifier sa sant\u00e9, sa vigueur et son adaptation \u00e0 l'environnement de votre propri\u00e9t\u00e9.<\/li>\n\n\n\n<li><strong>Livraison \u00e0 domicile :<\/strong><br>Une livraison pratique et soign\u00e9e garantit que votre nouvel arbre arrive en toute s\u00e9curit\u00e9 et pr\u00eat \u00e0 \u00eatre plant\u00e9.<\/li>\n\n\n\n<li><strong>Plantation avec application des meilleures pratiques :<\/strong><br>Nos arboristes experts utilisent des techniques de pointe pour garantir une croissance optimale, la sant\u00e9 des arbres et leur long\u00e9vit\u00e9.<\/li>\n\n\n\n<li><strong>Conseils de soins continus :<\/strong><br>Nos professionnels vous conseillent sur les soins \u00e0 apporter \u00e0 vos arbres pour qu'ils prosp\u00e8rent \u00e0 chaque saison au Qu\u00e9bec.<\/li>\n<\/ul>\n\n\n\n<hr class=\"wp-block-separator has-alpha-channel-opacity\"\/>\n\n\n\n<div class=\"wp-block-uagb-call-to-action uagb-block-eaedf297 wp-block-button\"><div class=\"uagb-cta__wrap\"><h3 class=\"uagb-cta__title\"><strong>Contactez-nous d\u00e8s aujourd'hui pour une estimation gratuite !<\/strong><\/h3><p class=\"uagb-cta__desc\">\ud83d\udcde <strong>T\u00e9l\u00e9phone :<\/strong> (514) 943-4542<br>\ud83d\udce7 <strong>Courriel :<\/strong> <a class=\"\">info@escouadedesarbres.ca<\/a><\/p><\/div><div class=\"uagb-cta__buttons\"><a href=\"\/fr\/contact\/\" class=\"uagb-cta__button-link-wrapper wp-block-button__link\" target=\"_self\" rel=\"noopener noreferrer\">Obtenir un devis gratuit<\/a><\/div><\/div>","protected":false},"excerpt":{"rendered":"<p>Need a new tree? Your expert partner in transforming your lawn into a thriving, green sanctuary. Our team of skilled arborists specializes in selecting and planting trees tailored specifically to Quebec\u2019s unique climate and soil conditions. Why Plant Trees on Your Property? Why Choose Treesquad? We don&#8217;t just plant trees\u2014we create lasting value. We understand [&hellip;]<\/p>","protected":false},"author":1,"featured_media":1889,"parent":0,"menu_order":0,"comment_status":"closed","ping_status":"closed","template":"","meta":{"_uag_custom_page_level_css":"","site-sidebar-layout":"default","site-content-layout":"","ast-site-content-layout":"default","site-content-style":"default","site-sidebar-style":"default","ast-global-header-display":"","ast-banner-title-visibility":"","ast-main-header-display":"","ast-hfb-above-header-display":"","ast-hfb-below-header-display":"","ast-hfb-mobile-header-display":"","site-post-title":"disabled","ast-breadcrumbs-content":"","ast-featured-img":"","footer-sml-layout":"","ast-disable-related-posts":"","theme-transparent-header-meta":"","adv-header-id-meta":"","stick-header-meta":"","header-above-stick-meta":"","header-main-stick-meta":"","header-below-stick-meta":"","astra-migrate-meta-layouts":"set","ast-page-background-enabled":"default","ast-page-background-meta":{"desktop":{"background-color":"var(--ast-global-color-4)","background-image":"","background-repeat":"repeat","background-position":"center center","background-size":"auto","background-attachment":"scroll","background-type":"","background-media":"","overlay-type":"","overlay-color":"","overlay-opacity":"","overlay-gradient":""},"tablet":{"background-color":"","background-image":"","background-repeat":"repeat","background-position":"center center","background-size":"auto","background-attachment":"scroll","background-type":"","background-media":"","overlay-type":"","overlay-color":"","overlay-opacity":"","overlay-gradient":""},"mobile":{"background-color":"","background-image":"","background-repeat":"repeat","background-position":"center center","background-size":"auto","background-attachment":"scroll","background-type":"","background-media":"","overlay-type":"","overlay-color":"","overlay-opacity":"","overlay-gradient":""}},"ast-content-background-meta":{"desktop":{"background-color":"var(--ast-global-color-5)","background-image":"","background-repeat":"repeat","background-position":"center center","background-size":"auto","background-attachment":"scroll","background-type":"","background-media":"","overlay-type":"","overlay-color":"","overlay-opacity":"","overlay-gradient":""},"tablet":{"background-color":"var(--ast-global-color-5)","background-image":"","background-repeat":"repeat","background-position":"center center","background-size":"auto","background-attachment":"scroll","background-type":"","background-media":"","overlay-type":"","overlay-color":"","overlay-opacity":"","overlay-gradient":""},"mobile":{"background-color":"var(--ast-global-color-5)","background-image":"","background-repeat":"repeat","background-position":"center center","background-size":"auto","background-attachment":"scroll","background-type":"","background-media":"","overlay-type":"","overlay-color":"","overlay-opacity":"","overlay-gradient":""}},"footnotes":""},"class_list":["post-1888","page","type-page","status-publish","has-post-thumbnail","hentry"],"aioseo_notices":[],"uagb_featured_image_src":{"full":["https:\/\/escouadedesarbres.ca\/wp-content\/uploads\/2025\/04\/6042a106-571a-47f3-96df-283b53356fd6-e1744239538544.jpg",2048,925,false],"thumbnail":["https:\/\/escouadedesarbres.ca\/wp-content\/uploads\/2025\/04\/6042a106-571a-47f3-96df-283b53356fd6-e1744239538544-150x150.jpg",150,150,true],"medium":["https:\/\/escouadedesarbres.ca\/wp-content\/uploads\/2025\/04\/6042a106-571a-47f3-96df-283b53356fd6-e1744239538544-300x135.jpg",300,135,true],"medium_large":["https:\/\/escouadedesarbres.ca\/wp-content\/uploads\/2025\/04\/6042a106-571a-47f3-96df-283b53356fd6-e1744239538544-768x347.jpg",768,347,true],"large":["https:\/\/escouadedesarbres.ca\/wp-content\/uploads\/2025\/04\/6042a106-571a-47f3-96df-283b53356fd6-e1744239538544-1024x463.jpg",1024,463,true],"1536x1536":["https:\/\/escouadedesarbres.ca\/wp-content\/uploads\/2025\/04\/6042a106-571a-47f3-96df-283b53356fd6-e1744239538544-1536x694.jpg",1536,694,true],"2048x2048":["https:\/\/escouadedesarbres.ca\/wp-content\/uploads\/2025\/04\/6042a106-571a-47f3-96df-283b53356fd6-e1744239538544.jpg",2048,925,false],"trp-custom-language-flag":["https:\/\/escouadedesarbres.ca\/wp-content\/uploads\/2025\/04\/6042a106-571a-47f3-96df-283b53356fd6-e1744239538544-18x8.jpg",18,8,true],"woocommerce_thumbnail":["https:\/\/escouadedesarbres.ca\/wp-content\/uploads\/2025\/04\/6042a106-571a-47f3-96df-283b53356fd6-e1744239538544-300x300.jpg",300,300,true],"woocommerce_single":["https:\/\/escouadedesarbres.ca\/wp-content\/uploads\/2025\/04\/6042a106-571a-47f3-96df-283b53356fd6-e1744239538544-600x271.jpg",600,271,true],"woocommerce_gallery_thumbnail":["https:\/\/escouadedesarbres.ca\/wp-content\/uploads\/2025\/04\/6042a106-571a-47f3-96df-283b53356fd6-e1744239538544-100x100.jpg",100,100,true]},"uagb_author_info":{"display_name":"es.arbre@gmail.com","author_link":"https:\/\/escouadedesarbres.ca\/fr\/author\/es-arbregmail-com\/"},"uagb_comment_info":0,"uagb_excerpt":"Need a new tree? Your expert partner in transforming your lawn into a thriving, green sanctuary. Our team of skilled arborists specializes in selecting and planting trees tailored specifically to Quebec\u2019s unique climate and soil conditions. Why Plant Trees on Your Property? Why Choose Treesquad? We don&#8217;t just plant trees\u2014we create lasting value. We understand&hellip;","_links":{"self":[{"href":"https:\/\/escouadedesarbres.ca\/fr\/wp-json\/wp\/v2\/pages\/1888","targetHints":{"allow":["GET"]}}],"collection":[{"href":"https:\/\/escouadedesarbres.ca\/fr\/wp-json\/wp\/v2\/pages"}],"about":[{"href":"https:\/\/escouadedesarbres.ca\/fr\/wp-json\/wp\/v2\/types\/page"}],"author":[{"embeddable":true,"href":"https:\/\/escouadedesarbres.ca\/fr\/wp-json\/wp\/v2\/users\/1"}],"replies":[{"embeddable":true,"href":"https:\/\/escouadedesarbres.ca\/fr\/wp-json\/wp\/v2\/comments?post=1888"}],"version-history":[{"count":26,"href":"https:\/\/escouadedesarbres.ca\/fr\/wp-json\/wp\/v2\/pages\/1888\/revisions"}],"predecessor-version":[{"id":2006,"href":"https:\/\/escouadedesarbres.ca\/fr\/wp-json\/wp\/v2\/pages\/1888\/revisions\/2006"}],"wp:featuredmedia":[{"embeddable":true,"href":"https:\/\/escouadedesarbres.ca\/fr\/wp-json\/wp\/v2\/media\/1889"}],"wp:attachment":[{"href":"https:\/\/escouadedesarbres.ca\/fr\/wp-json\/wp\/v2\/media?parent=1888"}],"curies":[{"name":"wp","href":"https:\/\/api.w.org\/{rel}","templated":true}]}}