{"id":1931,"date":"2025-04-09T23:40:38","date_gmt":"2025-04-09T23:40:38","guid":{"rendered":"https:\/\/escouadedesarbres.ca\/?page_id=1931"},"modified":"2025-04-15T22:53:49","modified_gmt":"2025-04-15T22:53:49","slug":"stump-grinding","status":"publish","type":"page","link":"https:\/\/escouadedesarbres.ca\/fr\/stump-grinding\/","title":{"rendered":"Dessouchement"},"content":{"rendered":"<div class=\"wp-block-cover has-aspect-ratio\" style=\"margin-top:var(--wp--preset--spacing--50);margin-bottom:var(--wp--preset--spacing--50);aspect-ratio:auto;min-height:unset;\"><img loading=\"lazy\" decoding=\"async\" width=\"960\" height=\"200\" class=\"wp-block-cover__image-background wp-image-1910\" alt=\"\" src=\"https:\/\/escouadedesarbres.ca\/wp-content\/uploads\/2025\/04\/tree-1574559_960_720-min-1.webp\" data-object-fit=\"cover\" srcset=\"https:\/\/escouadedesarbres.ca\/wp-content\/uploads\/2025\/04\/tree-1574559_960_720-min-1.webp 960w, https:\/\/escouadedesarbres.ca\/wp-content\/uploads\/2025\/04\/tree-1574559_960_720-min-1-300x63.webp 300w, https:\/\/escouadedesarbres.ca\/wp-content\/uploads\/2025\/04\/tree-1574559_960_720-min-1-768x160.webp 768w, https:\/\/escouadedesarbres.ca\/wp-content\/uploads\/2025\/04\/tree-1574559_960_720-min-1-18x4.webp 18w, https:\/\/escouadedesarbres.ca\/wp-content\/uploads\/2025\/04\/tree-1574559_960_720-min-1-600x125.webp 600w\" sizes=\"auto, (max-width: 960px) 100vw, 960px\" \/><span aria-hidden=\"true\" class=\"wp-block-cover__background has-background-dim-30 has-background-dim\"><\/span><div class=\"wp-block-cover__inner-container is-layout-flow wp-block-cover-is-layout-flow\">\n<h1 class=\"wp-block-heading has-text-align-left shadow has-large-font-size\">Dessouchement<\/h1>\n<\/div><\/div>\n\n\n\n<div class=\"wp-block-media-text is-stacked-on-mobile\"><figure class=\"wp-block-media-text__media\"><img loading=\"lazy\" decoding=\"async\" width=\"1024\" height=\"683\" src=\"https:\/\/escouadedesarbres.ca\/wp-content\/uploads\/2025\/03\/IMG_4730-1024x683.jpg\" alt=\"\" class=\"wp-image-1708 size-full\" srcset=\"https:\/\/escouadedesarbres.ca\/wp-content\/uploads\/2025\/03\/IMG_4730-1024x683.jpg 1024w, https:\/\/escouadedesarbres.ca\/wp-content\/uploads\/2025\/03\/IMG_4730-scaled-600x400.jpg 600w, https:\/\/escouadedesarbres.ca\/wp-content\/uploads\/2025\/03\/IMG_4730-300x200.jpg 300w, https:\/\/escouadedesarbres.ca\/wp-content\/uploads\/2025\/03\/IMG_4730-768x512.jpg 768w, https:\/\/escouadedesarbres.ca\/wp-content\/uploads\/2025\/03\/IMG_4730-1536x1024.jpg 1536w, https:\/\/escouadedesarbres.ca\/wp-content\/uploads\/2025\/03\/IMG_4730-2048x1365.jpg 2048w, https:\/\/escouadedesarbres.ca\/wp-content\/uploads\/2025\/03\/IMG_4730-18x12.jpg 18w\" sizes=\"auto, (max-width: 1024px) 100vw, 1024px\" \/><\/figure><div class=\"wp-block-media-text__content\">\n<h4 class=\"wp-block-heading\">Les souches restantes nuisent-elles \u00e0 la beaut\u00e9 de votre pelouse ?<\/h4>\n\n\n\n<p> <strong>L'Escouade des arbres<\/strong> propose des services professionnels de dessouchage, permettant d'\u00e9liminer rapidement les souches disgracieuses et de restaurer l'attrait, la s\u00e9curit\u00e9 et la fonctionnalit\u00e9 de votre espace ext\u00e9rieur.<\/p>\n<\/div><\/div>\n\n\n\n<h2 class=\"wp-block-heading\" style=\"margin-top:var(--wp--preset--spacing--60);margin-bottom:var(--wp--preset--spacing--60)\"><strong>Pourquoi enlever les souches de votre propri\u00e9t\u00e9 ?<\/strong><\/h2>\n\n\n\n<ul class=\"wp-block-list\">\n<li><strong>Am\u00e9liorer l'esth\u00e9tique du terrain :<\/strong><br>L'\u00e9limination des souches d'arbres am\u00e9liore instantan\u00e9ment l'attrait de votre propri\u00e9t\u00e9, en cr\u00e9ant un paysage propre et visuellement attrayant.<\/li>\n\n\n\n<li><strong>Am\u00e9liorer l'espace de votre terrain :<\/strong><br>Le dessouchage permet de d\u00e9gager de l'espace pour des projets d'am\u00e9nagement paysager, de jardinage, de terrasse ou tout simplement pour agrandir votre pelouse.<\/li>\n\n\n\n<li><strong>Pr\u00e9venir les infestations de parasites :<\/strong><br>Les vieilles souches attirent les insectes et les parasites, ce qui constitue un risque pour les arbres sains situ\u00e9s \u00e0 proximit\u00e9 et pour votre maison. L'enl\u00e8vement des souches \u00e9limine cette menace.<\/li>\n\n\n\n<li><strong>Am\u00e9liorer la s\u00e9curit\u00e9 du terrain :<\/strong><br>Les souches d'arbres pr\u00e9sentent des risques de tr\u00e9buchement, en particulier pour les enfants et les membres \u00e2g\u00e9s de la famille. Le dessouchage \u00e9limine ces dangers.<\/li>\n\n\n\n<li><strong>\u00c9viter les maladies du gazon :<\/strong><br>Les souches d'arbres en d\u00e9composition peuvent propager des infections fongiques et des maladies aux plantes saines de votre propri\u00e9t\u00e9. Un enl\u00e8vement rapide prot\u00e8ge votre paysage.<\/li>\n<\/ul>\n\n\n\n<hr class=\"wp-block-separator has-alpha-channel-opacity\"\/>\n\n\n\n<h2 class=\"wp-block-heading\"><strong>Pourquoi nous choisir pour le dessouchement ?<\/strong><\/h2>\n\n\n\n<div class=\"wp-block-columns is-layout-flex wp-container-core-columns-is-layout-28f84493 wp-block-columns-is-layout-flex\">\n<div class=\"wp-block-column is-layout-flow wp-block-column-is-layout-flow\" style=\"flex-basis:50%\">\n<p>Chez <strong>L'Escouade des arbres<\/strong>, nos arboristes qualifi\u00e9s sont \u00e9quip\u00e9s de dessoucheuses de pointe, con\u00e7ues pour \u00e9liminer efficacement et en toute s\u00e9curit\u00e9 les souches d'arbres les plus r\u00e9calcitrantes. Nous donnons la priorit\u00e9 \u00e0 la sant\u00e9, \u00e0 la s\u00e9curit\u00e9 et \u00e0 la valeur esth\u00e9tique de votre propri\u00e9t\u00e9 dans tous les projets que nous entreprenons.<\/p>\n<\/div>\n\n\n\n<div class=\"wp-block-column is-layout-flow wp-block-column-is-layout-flow\" style=\"flex-basis:50%\">\n<figure class=\"wp-block-image size-large\"><img loading=\"lazy\" decoding=\"async\" width=\"1024\" height=\"497\" src=\"https:\/\/escouadedesarbres.ca\/wp-content\/uploads\/2025\/04\/download-1024x497.jpg\" alt=\"\" class=\"wp-image-1933\" srcset=\"https:\/\/escouadedesarbres.ca\/wp-content\/uploads\/2025\/04\/download-1024x497.jpg 1024w, https:\/\/escouadedesarbres.ca\/wp-content\/uploads\/2025\/04\/download-300x146.jpg 300w, https:\/\/escouadedesarbres.ca\/wp-content\/uploads\/2025\/04\/download-768x373.jpg 768w, https:\/\/escouadedesarbres.ca\/wp-content\/uploads\/2025\/04\/download-1536x746.jpg 1536w, https:\/\/escouadedesarbres.ca\/wp-content\/uploads\/2025\/04\/download-18x9.jpg 18w, https:\/\/escouadedesarbres.ca\/wp-content\/uploads\/2025\/04\/download-600x291.jpg 600w, https:\/\/escouadedesarbres.ca\/wp-content\/uploads\/2025\/04\/download.jpg 1600w\" sizes=\"auto, (max-width: 1024px) 100vw, 1024px\" \/><\/figure>\n<\/div>\n<\/div>\n\n\n\n<hr class=\"wp-block-separator has-alpha-channel-opacity\"\/>\n\n\n\n<h3 class=\"wp-block-heading\"><strong>Nos services de dessouchement comprennent<\/strong><\/h3>\n\n\n\n<ul class=\"wp-block-list\">\n<li><strong>Dessouchement de pr\u00e9cision :<\/strong><br>Utilisation d'un \u00e9quipement de pointe pour broyer les souches en profondeur sous le niveau du sol, ce qui \u00e9limine les risques de croissance future.<\/li>\n\n\n\n<li><strong>Enl\u00e8vement complet des d\u00e9bris :<\/strong><br>Nettoyage minutieux des d\u00e9bris de broyage, afin que votre pelouse soit propre et pr\u00eate pour de futurs projets d'am\u00e9nagement paysager.<\/li>\n<\/ul>\n\n\n\n<div class=\"wp-block-uagb-call-to-action uagb-block-eaedf297 wp-block-button\"><div class=\"uagb-cta__wrap\"><h3 class=\"uagb-cta__title\"><strong>Contactez-nous d\u00e8s aujourd'hui pour une estimation gratuite !<\/strong><\/h3><p class=\"uagb-cta__desc\">\ud83d\udcde <strong>T\u00e9l\u00e9phone :<\/strong> (514) 943-4542<br>\ud83d\udce7 <strong>Courriel :<\/strong> <a class=\"\">info@escouadedesarbres.ca<\/a><\/p><\/div><div class=\"uagb-cta__buttons\"><a href=\"\/fr\/contact\/\" class=\"uagb-cta__button-link-wrapper wp-block-button__link\" target=\"_self\" rel=\"noopener noreferrer\">Obtenir un devis gratuit<\/a><\/div><\/div>","protected":false},"excerpt":{"rendered":"<p>Are leftover stumps taking away from your lawn\u2019s beauty? TreeSquad offers professional stump grinding services, quickly removing unsightly stumps and restoring the appeal, safety, and functionality of your outdoor space. Why Remove Tree Stumps From Your Property? Why Choose us for Stump Grinding? At TreeSquad, our skilled arborists are equipped with state-of-the-art stump grinders, designed [&hellip;]<\/p>","protected":false},"author":1,"featured_media":0,"parent":0,"menu_order":0,"comment_status":"closed","ping_status":"closed","template":"","meta":{"_uag_custom_page_level_css":"","site-sidebar-layout":"default","site-content-layout":"","ast-site-content-layout":"default","site-content-style":"default","site-sidebar-style":"default","ast-global-header-display":"","ast-banner-title-visibility":"","ast-main-header-display":"","ast-hfb-above-header-display":"","ast-hfb-below-header-display":"","ast-hfb-mobile-header-display":"","site-post-title":"disabled","ast-breadcrumbs-content":"","ast-featured-img":"","footer-sml-layout":"","theme-transparent-header-meta":"","adv-header-id-meta":"","stick-header-meta":"","header-above-stick-meta":"","header-main-stick-meta":"","header-below-stick-meta":"","astra-migrate-meta-layouts":"set","ast-page-background-enabled":"default","ast-page-background-meta":{"desktop":{"background-color":"var(--ast-global-color-4)","background-image":"","background-repeat":"repeat","background-position":"center center","background-size":"auto","background-attachment":"scroll","background-type":"","background-media":"","overlay-type":"","overlay-color":"","overlay-opacity":"","overlay-gradient":""},"tablet":{"background-color":"","background-image":"","background-repeat":"repeat","background-position":"center center","background-size":"auto","background-attachment":"scroll","background-type":"","background-media":"","overlay-type":"","overlay-color":"","overlay-opacity":"","overlay-gradient":""},"mobile":{"background-color":"","background-image":"","background-repeat":"repeat","background-position":"center center","background-size":"auto","background-attachment":"scroll","background-type":"","background-media":"","overlay-type":"","overlay-color":"","overlay-opacity":"","overlay-gradient":""}},"ast-content-background-meta":{"desktop":{"background-color":"var(--ast-global-color-5)","background-image":"","background-repeat":"repeat","background-position":"center center","background-size":"auto","background-attachment":"scroll","background-type":"","background-media":"","overlay-type":"","overlay-color":"","overlay-opacity":"","overlay-gradient":""},"tablet":{"background-color":"var(--ast-global-color-5)","background-image":"","background-repeat":"repeat","background-position":"center center","background-size":"auto","background-attachment":"scroll","background-type":"","background-media":"","overlay-type":"","overlay-color":"","overlay-opacity":"","overlay-gradient":""},"mobile":{"background-color":"var(--ast-global-color-5)","background-image":"","background-repeat":"repeat","background-position":"center center","background-size":"auto","background-attachment":"scroll","background-type":"","background-media":"","overlay-type":"","overlay-color":"","overlay-opacity":"","overlay-gradient":""}},"footnotes":""},"class_list":["post-1931","page","type-page","status-publish","hentry"],"aioseo_notices":[],"uagb_featured_image_src":{"full":false,"thumbnail":false,"medium":false,"medium_large":false,"large":false,"1536x1536":false,"2048x2048":false,"trp-custom-language-flag":false,"woocommerce_thumbnail":false,"woocommerce_single":false,"woocommerce_gallery_thumbnail":false},"uagb_author_info":{"display_name":"es.arbre@gmail.com","author_link":"https:\/\/escouadedesarbres.ca\/fr\/author\/es-arbregmail-com\/"},"uagb_comment_info":0,"uagb_excerpt":"Are leftover stumps taking away from your lawn\u2019s beauty? TreeSquad offers professional stump grinding services, quickly removing unsightly stumps and restoring the appeal, safety, and functionality of your outdoor space. Why Remove Tree Stumps From Your Property? Why Choose us for Stump Grinding? At TreeSquad, our skilled arborists are equipped with state-of-the-art stump grinders, designed&hellip;","_links":{"self":[{"href":"https:\/\/escouadedesarbres.ca\/fr\/wp-json\/wp\/v2\/pages\/1931","targetHints":{"allow":["GET"]}}],"collection":[{"href":"https:\/\/escouadedesarbres.ca\/fr\/wp-json\/wp\/v2\/pages"}],"about":[{"href":"https:\/\/escouadedesarbres.ca\/fr\/wp-json\/wp\/v2\/types\/page"}],"author":[{"embeddable":true,"href":"https:\/\/escouadedesarbres.ca\/fr\/wp-json\/wp\/v2\/users\/1"}],"replies":[{"embeddable":true,"href":"https:\/\/escouadedesarbres.ca\/fr\/wp-json\/wp\/v2\/comments?post=1931"}],"version-history":[{"count":7,"href":"https:\/\/escouadedesarbres.ca\/fr\/wp-json\/wp\/v2\/pages\/1931\/revisions"}],"predecessor-version":[{"id":2004,"href":"https:\/\/escouadedesarbres.ca\/fr\/wp-json\/wp\/v2\/pages\/1931\/revisions\/2004"}],"wp:attachment":[{"href":"https:\/\/escouadedesarbres.ca\/fr\/wp-json\/wp\/v2\/media?parent=1931"}],"curies":[{"name":"wp","href":"https:\/\/api.w.org\/{rel}","templated":true}]}}