{"id":1940,"date":"2025-04-09T23:52:41","date_gmt":"2025-04-09T23:52:41","guid":{"rendered":"https:\/\/escouadedesarbres.ca\/?page_id=1940"},"modified":"2025-04-15T22:53:12","modified_gmt":"2025-04-15T22:53:12","slug":"risk-management","status":"publish","type":"page","link":"https:\/\/escouadedesarbres.ca\/fr\/risk-management\/","title":{"rendered":"Gestion des risques"},"content":{"rendered":"<div class=\"wp-block-cover has-aspect-ratio\" style=\"margin-top:var(--wp--preset--spacing--50);margin-bottom:var(--wp--preset--spacing--50);aspect-ratio:auto;min-height:unset;\"><img loading=\"lazy\" decoding=\"async\" width=\"960\" height=\"200\" class=\"wp-block-cover__image-background wp-image-1910\" alt=\"\" src=\"https:\/\/escouadedesarbres.ca\/wp-content\/uploads\/2025\/04\/tree-1574559_960_720-min-1.webp\" data-object-fit=\"cover\" srcset=\"https:\/\/escouadedesarbres.ca\/wp-content\/uploads\/2025\/04\/tree-1574559_960_720-min-1.webp 960w, https:\/\/escouadedesarbres.ca\/wp-content\/uploads\/2025\/04\/tree-1574559_960_720-min-1-300x63.webp 300w, https:\/\/escouadedesarbres.ca\/wp-content\/uploads\/2025\/04\/tree-1574559_960_720-min-1-768x160.webp 768w, https:\/\/escouadedesarbres.ca\/wp-content\/uploads\/2025\/04\/tree-1574559_960_720-min-1-18x4.webp 18w, https:\/\/escouadedesarbres.ca\/wp-content\/uploads\/2025\/04\/tree-1574559_960_720-min-1-600x125.webp 600w\" sizes=\"auto, (max-width: 960px) 100vw, 960px\" \/><span aria-hidden=\"true\" class=\"wp-block-cover__background has-background-dim-30 has-background-dim\"><\/span><div class=\"wp-block-cover__inner-container is-layout-flow wp-block-cover-is-layout-flow\">\n<h1 class=\"wp-block-heading has-text-align-left shadow has-large-font-size\">Gestion des risques<\/h1>\n<\/div><\/div>\n\n\n\n<div class=\"wp-block-media-text is-stacked-on-mobile\"><figure class=\"wp-block-media-text__media\"><img loading=\"lazy\" decoding=\"async\" width=\"1024\" height=\"937\" src=\"https:\/\/escouadedesarbres.ca\/wp-content\/uploads\/2025\/04\/984f28d7-7f04-45a7-bd40-df0dc033c4a2-e1744242690623-1024x937.jpg\" alt=\"\" class=\"wp-image-1943 size-full\" srcset=\"https:\/\/escouadedesarbres.ca\/wp-content\/uploads\/2025\/04\/984f28d7-7f04-45a7-bd40-df0dc033c4a2-e1744242690623-1024x937.jpg 1024w, https:\/\/escouadedesarbres.ca\/wp-content\/uploads\/2025\/04\/984f28d7-7f04-45a7-bd40-df0dc033c4a2-e1744242690623-300x275.jpg 300w, https:\/\/escouadedesarbres.ca\/wp-content\/uploads\/2025\/04\/984f28d7-7f04-45a7-bd40-df0dc033c4a2-e1744242690623-768x703.jpg 768w, https:\/\/escouadedesarbres.ca\/wp-content\/uploads\/2025\/04\/984f28d7-7f04-45a7-bd40-df0dc033c4a2-e1744242690623-13x12.jpg 13w, https:\/\/escouadedesarbres.ca\/wp-content\/uploads\/2025\/04\/984f28d7-7f04-45a7-bd40-df0dc033c4a2-e1744242690623-600x549.jpg 600w, https:\/\/escouadedesarbres.ca\/wp-content\/uploads\/2025\/04\/984f28d7-7f04-45a7-bd40-df0dc033c4a2-e1744242690623.jpg 1536w\" sizes=\"auto, (max-width: 1024px) 100vw, 1024px\" \/><\/figure><div class=\"wp-block-media-text__content\">\n<h4 class=\"wp-block-heading\">Vous \u00eates pr\u00e9occup\u00e9 par la pr\u00e9sence d'un arbre dangereux sur votre propri\u00e9t\u00e9 ?<\/h4>\n\n\n\n<p style=\"margin-top:var(--wp--preset--spacing--40);margin-bottom:var(--wp--preset--spacing--40)\"><strong>L'Escouade des arbres<\/strong> se sp\u00e9cialise dans la gestion des risques afin de prot\u00e9ger votre famille, vos biens et votre tranquillit\u00e9 d'esprit.<\/p>\n\n\n\n<p>Nos arboristes certifi\u00e9s identifient, \u00e9valuent et g\u00e8rent les risques potentiels li\u00e9s aux arbres, en proposant des solutions rapides et efficaces.<\/p>\n<\/div><\/div>\n\n\n\n<h2 class=\"wp-block-heading\" style=\"margin-top:var(--wp--preset--spacing--60);margin-bottom:var(--wp--preset--spacing--60)\"><strong><strong>Pourquoi nous choisir pour la gestion des risques li\u00e9s aux arbres ?<\/strong><\/strong><\/h2>\n\n\n\n<ul class=\"wp-block-list\">\n<li><strong>Prot\u00e9ger les vies et pr\u00e9venir les accidents :<\/strong><br>La gestion proactive des risques li\u00e9s aux arbres garantit la s\u00e9curit\u00e9 de votre famille, de vos voisins et de votre propri\u00e9t\u00e9 en \u00e9vitant les chutes d'arbres dangereuses et les branches cass\u00e9es.<\/li>\n\n\n\n<li><strong>\u00c9viter les dommages mat\u00e9riels :<\/strong><br>L'identification des arbres dangereux peut vous aider \u00e0 \u00e9viter des dommages co\u00fbteux aux maisons, aux v\u00e9hicules, aux lignes \u00e9lectriques et \u00e0 d'autres structures.<\/li>\n\n\n\n<li><strong>L'\u00e9valuation des risques<\/strong><br>Une \u00e9valuation et une gestion ad\u00e9quates des risques li\u00e9s aux arbres peuvent r\u00e9duire les responsabilit\u00e9s juridiques associ\u00e9es aux dommages mat\u00e9riels ou corporels.<\/li>\n\n\n\n<li><strong>Assurer la sant\u00e9 et la long\u00e9vit\u00e9 des arbres :<\/strong><br>Une intervention rapide permet d'\u00e9viter que les conditions dangereuses ne se d\u00e9t\u00e9riorent davantage, pr\u00e9servant ainsi la sant\u00e9 et la beaut\u00e9 de votre paysage.<\/li>\n\n\n\n<li><strong>Tranquillit\u00e9 d'esprit :<\/strong><br>Vous aurez l'assurance que vos arbres sont g\u00e9r\u00e9s de fa\u00e7on professionnelle, ce qui r\u00e9duira le stress caus\u00e9 par les temp\u00eates, les hivers rigoureux et les \u00e9v\u00e9nements m\u00e9t\u00e9orologiques impr\u00e9visibles du Qu\u00e9bec.<\/li>\n<\/ul>\n\n\n\n<hr class=\"wp-block-separator has-alpha-channel-opacity\"\/>\n\n\n\n<div class=\"wp-block-columns is-layout-flex wp-container-core-columns-is-layout-28f84493 wp-block-columns-is-layout-flex\">\n<div class=\"wp-block-column is-layout-flow wp-block-column-is-layout-flow\" style=\"flex-basis:50.01%\">\n<p><br><br>Nos arboristes qualifi\u00e9s ont re\u00e7u une formation sp\u00e9cialis\u00e9e dans l'identification, l'\u00e9valuation et la gestion des risques li\u00e9s aux arbres et sp\u00e9cifiques aux conditions environnementales uniques du Qu\u00e9bec. Nous utilisons des techniques avanc\u00e9es pour g\u00e9rer les situations dangereuses de fa\u00e7on rapide, s\u00e9curitaire et efficace.<br><br><\/p>\n\n\n\n<div class=\"wp-block-uagb-image uagb-block-3f8fb72f wp-block-uagb-image--layout-default wp-block-uagb-image--effect-static wp-block-uagb-image--align-none\"><figure class=\"wp-block-uagb-image__figure\"><img decoding=\"async\" srcset=\"https:\/\/escouadedesarbres.ca\/wp-content\/uploads\/2025\/04\/received_405853876599593-3-1024x628.jpeg ,https:\/\/escouadedesarbres.ca\/wp-content\/uploads\/2025\/04\/received_405853876599593-3-scaled.jpeg 780w, https:\/\/escouadedesarbres.ca\/wp-content\/uploads\/2025\/04\/received_405853876599593-3-scaled.jpeg 360w\" sizes=\"auto, (max-width: 480px) 150px\" src=\"https:\/\/escouadedesarbres.ca\/wp-content\/uploads\/2025\/04\/received_405853876599593-3-1024x628.jpeg\" alt=\"\" class=\"uag-image-1946\" width=\"2716\" height=\"1665\" title=\"received_405853876599593 (3)\" loading=\"lazy\" role=\"img\"\/><\/figure><\/div>\n<\/div>\n\n\n\n<div class=\"wp-block-column is-layout-flow wp-block-column-is-layout-flow\" style=\"flex-basis:49.99%\">\n<div class=\"wp-block-uagb-image uagb-block-a3d42fb7 wp-block-uagb-image--layout-default wp-block-uagb-image--effect-static wp-block-uagb-image--align-none\"><figure class=\"wp-block-uagb-image__figure\"><img decoding=\"async\" srcset=\"https:\/\/escouadedesarbres.ca\/wp-content\/uploads\/2025\/04\/7bc0daf7-de91-47f0-bb60-c4f5b1ae41b2-e1744242753793-1016x1024.jpg ,https:\/\/escouadedesarbres.ca\/wp-content\/uploads\/2025\/04\/7bc0daf7-de91-47f0-bb60-c4f5b1ae41b2-e1744242753793.jpg 780w, https:\/\/escouadedesarbres.ca\/wp-content\/uploads\/2025\/04\/7bc0daf7-de91-47f0-bb60-c4f5b1ae41b2-e1744242753793.jpg 360w\" sizes=\"auto, (max-width: 480px) 150px\" src=\"https:\/\/escouadedesarbres.ca\/wp-content\/uploads\/2025\/04\/7bc0daf7-de91-47f0-bb60-c4f5b1ae41b2-e1744242753793-1016x1024.jpg\" alt=\"\" class=\"uag-image-1944\" width=\"1016\" height=\"1024\" title=\"7bc0daf7-de91-47f0-bb60-c4f5b1ae41b2\" loading=\"lazy\" role=\"img\"\/><\/figure><\/div>\n<\/div>\n<\/div>\n\n\n\n<div class=\"wp-block-uagb-call-to-action uagb-block-eaedf297 wp-block-button\"><div class=\"uagb-cta__wrap\"><h3 class=\"uagb-cta__title\"><strong>Contactez-nous d\u00e8s aujourd'hui pour une estimation gratuite !<\/strong><\/h3><p class=\"uagb-cta__desc\">\ud83d\udcde <strong>T\u00e9l\u00e9phone :<\/strong> (514) 943-4542<br>\ud83d\udce7 <strong>Courriel :<\/strong> <a class=\"\">info@escouadedesarbres.ca<\/a><\/p><\/div><div class=\"uagb-cta__buttons\"><a href=\"\/fr\/contact\/\" class=\"uagb-cta__button-link-wrapper wp-block-button__link\" target=\"_self\" rel=\"noopener noreferrer\">Obtenir un devis gratuit<\/a><\/div><\/div>","protected":false},"excerpt":{"rendered":"<p>Concerned about a hazardous tree on your property? TreeSquad specializes in comprehensive risk management to protect your family, your property, and your peace of mind. Our certified arborists expertly identify, evaluate, and manage potential tree hazards, providing fast, effective solutions. Why Choose US for Tree Risk Management? Our skilled arborists have specialized training in identifying, [&hellip;]<\/p>","protected":false},"author":1,"featured_media":0,"parent":0,"menu_order":0,"comment_status":"closed","ping_status":"closed","template":"","meta":{"_uag_custom_page_level_css":"","site-sidebar-layout":"default","site-content-layout":"","ast-site-content-layout":"default","site-content-style":"default","site-sidebar-style":"default","ast-global-header-display":"","ast-banner-title-visibility":"","ast-main-header-display":"","ast-hfb-above-header-display":"","ast-hfb-below-header-display":"","ast-hfb-mobile-header-display":"","site-post-title":"disabled","ast-breadcrumbs-content":"","ast-featured-img":"","footer-sml-layout":"","ast-disable-related-posts":"","theme-transparent-header-meta":"","adv-header-id-meta":"","stick-header-meta":"","header-above-stick-meta":"","header-main-stick-meta":"","header-below-stick-meta":"","astra-migrate-meta-layouts":"set","ast-page-background-enabled":"default","ast-page-background-meta":{"desktop":{"background-color":"var(--ast-global-color-4)","background-image":"","background-repeat":"repeat","background-position":"center center","background-size":"auto","background-attachment":"scroll","background-type":"","background-media":"","overlay-type":"","overlay-color":"","overlay-opacity":"","overlay-gradient":""},"tablet":{"background-color":"","background-image":"","background-repeat":"repeat","background-position":"center center","background-size":"auto","background-attachment":"scroll","background-type":"","background-media":"","overlay-type":"","overlay-color":"","overlay-opacity":"","overlay-gradient":""},"mobile":{"background-color":"","background-image":"","background-repeat":"repeat","background-position":"center center","background-size":"auto","background-attachment":"scroll","background-type":"","background-media":"","overlay-type":"","overlay-color":"","overlay-opacity":"","overlay-gradient":""}},"ast-content-background-meta":{"desktop":{"background-color":"var(--ast-global-color-5)","background-image":"","background-repeat":"repeat","background-position":"center center","background-size":"auto","background-attachment":"scroll","background-type":"","background-media":"","overlay-type":"","overlay-color":"","overlay-opacity":"","overlay-gradient":""},"tablet":{"background-color":"var(--ast-global-color-5)","background-image":"","background-repeat":"repeat","background-position":"center center","background-size":"auto","background-attachment":"scroll","background-type":"","background-media":"","overlay-type":"","overlay-color":"","overlay-opacity":"","overlay-gradient":""},"mobile":{"background-color":"var(--ast-global-color-5)","background-image":"","background-repeat":"repeat","background-position":"center center","background-size":"auto","background-attachment":"scroll","background-type":"","background-media":"","overlay-type":"","overlay-color":"","overlay-opacity":"","overlay-gradient":""}},"footnotes":""},"class_list":["post-1940","page","type-page","status-publish","hentry"],"aioseo_notices":[],"uagb_featured_image_src":{"full":false,"thumbnail":false,"medium":false,"medium_large":false,"large":false,"1536x1536":false,"2048x2048":false,"trp-custom-language-flag":false,"woocommerce_thumbnail":false,"woocommerce_single":false,"woocommerce_gallery_thumbnail":false},"uagb_author_info":{"display_name":"es.arbre@gmail.com","author_link":"https:\/\/escouadedesarbres.ca\/fr\/author\/es-arbregmail-com\/"},"uagb_comment_info":0,"uagb_excerpt":"Concerned about a hazardous tree on your property? TreeSquad specializes in comprehensive risk management to protect your family, your property, and your peace of mind. Our certified arborists expertly identify, evaluate, and manage potential tree hazards, providing fast, effective solutions. Why Choose US for Tree Risk Management? Our skilled arborists have specialized training in identifying,&hellip;","_links":{"self":[{"href":"https:\/\/escouadedesarbres.ca\/fr\/wp-json\/wp\/v2\/pages\/1940","targetHints":{"allow":["GET"]}}],"collection":[{"href":"https:\/\/escouadedesarbres.ca\/fr\/wp-json\/wp\/v2\/pages"}],"about":[{"href":"https:\/\/escouadedesarbres.ca\/fr\/wp-json\/wp\/v2\/types\/page"}],"author":[{"embeddable":true,"href":"https:\/\/escouadedesarbres.ca\/fr\/wp-json\/wp\/v2\/users\/1"}],"replies":[{"embeddable":true,"href":"https:\/\/escouadedesarbres.ca\/fr\/wp-json\/wp\/v2\/comments?post=1940"}],"version-history":[{"count":13,"href":"https:\/\/escouadedesarbres.ca\/fr\/wp-json\/wp\/v2\/pages\/1940\/revisions"}],"predecessor-version":[{"id":2003,"href":"https:\/\/escouadedesarbres.ca\/fr\/wp-json\/wp\/v2\/pages\/1940\/revisions\/2003"}],"wp:attachment":[{"href":"https:\/\/escouadedesarbres.ca\/fr\/wp-json\/wp\/v2\/media?parent=1940"}],"curies":[{"name":"wp","href":"https:\/\/api.w.org\/{rel}","templated":true}]}}