{"id":2078,"date":"2025-04-29T23:48:09","date_gmt":"2025-04-29T23:48:09","guid":{"rendered":"https:\/\/escouadedesarbres.ca\/product\/amur-maple\/"},"modified":"2025-04-30T00:05:00","modified_gmt":"2025-04-30T00:05:00","slug":"amur-maple","status":"publish","type":"product","link":"https:\/\/escouadedesarbres.ca\/fr\/produit\/amur-maple\/","title":{"rendered":"Amur Maple"},"content":{"rendered":"<h3 class=\"\" data-start=\"272\" data-end=\"303\">Latin Name (scientific)<\/h3>\n<p class=\"\" data-start=\"176\" data-end=\"315\"><strong data-start=\"176\" data-end=\"192\">Acer ginnala<\/strong><\/p>\n<ul>\n<li class=\"\" data-start=\"679\" data-end=\"734\">\n<p class=\"\" data-start=\"681\" data-end=\"734\"><strong data-start=\"681\" data-end=\"694\">Feuillage<\/strong> : <span class=\"relative -mx-px my-[-0.2rem] rounded px-px py-[0.2rem] bg-[#FCECC1] dark:bg-[#64572A] transition-colors duration-100 ease-in-out\">Feuilles vertes \u00e0 trois lobes, devenant rouge vif \u00e0 l&#8217;automne.<\/span><\/p>\n<\/li>\n<li class=\"\" data-start=\"735\" data-end=\"790\">\n<p class=\"\" data-start=\"737\" data-end=\"790\"><strong data-start=\"737\" data-end=\"750\">Floraison<\/strong> : <span class=\"relative -mx-px my-[-0.2rem] rounded px-px py-[0.2rem] transition-colors duration-100 ease-in-out\">Petites fleurs jaune-vert au printemps.<\/span><\/p>\n<\/li>\n<li class=\"\" data-start=\"791\" data-end=\"843\">\n<p class=\"\" data-start=\"793\" data-end=\"843\"><strong data-start=\"793\" data-end=\"803\">Fruits<\/strong> : <span class=\"relative -mx-px my-[-0.2rem] rounded px-px py-[0.2rem] transition-colors duration-100 ease-in-out\">Samares rouges (ailes doubles) en fin d&#8217;\u00e9t\u00e9.<\/span><\/p>\n<\/li>\n<li class=\"\" data-start=\"844\" data-end=\"899\">\n<p class=\"\" data-start=\"846\" data-end=\"899\"><strong data-start=\"846\" data-end=\"859\">Rusticit\u00e9<\/strong> : <span class=\"relative -mx-px my-[-0.2rem] rounded px-px py-[0.2rem] transition-colors duration-100 ease-in-out\">Tr\u00e8s r\u00e9sistant au froid (zone 2), adapt\u00e9 aux climats nordiques.<\/span><\/p>\n<\/li>\n<li class=\"\" data-start=\"900\" data-end=\"1005\">\n<p class=\"\" data-start=\"902\" data-end=\"1005\"><strong data-start=\"902\" data-end=\"917\">Utilisation<\/strong> : <span class=\"relative -mx-px my-[-0.2rem] rounded px-px py-[0.2rem] transition-colors duration-100 ease-in-out\">Souvent plant\u00e9 comme arbre ornemental ou en haie.<\/span>\u200b<\/p>\n<\/li>\n<\/ul>","protected":false},"excerpt":{"rendered":"<p>Latin Name (scientific) Acer ginnala Feuillage : Feuilles vertes \u00e0 trois lobes, devenant rouge vif \u00e0 l&#8217;automne. Floraison : Petites fleurs jaune-vert au printemps. Fruits : Samares rouges (ailes doubles) en fin d&#8217;\u00e9t\u00e9. Rusticit\u00e9 : Tr\u00e8s r\u00e9sistant au froid (zone 2), adapt\u00e9 aux climats nordiques. Utilisation : Souvent plant\u00e9 comme arbre ornemental ou en haie.\u200b<\/p>","protected":false},"featured_media":2122,"comment_status":"open","ping_status":"closed","template":"","meta":{"_uag_custom_page_level_css":"","site-sidebar-layout":"default","site-content-layout":"","ast-site-content-layout":"default","site-content-style":"default","site-sidebar-style":"default","ast-global-header-display":"","ast-banner-title-visibility":"","ast-main-header-display":"","ast-hfb-above-header-display":"","ast-hfb-below-header-display":"","ast-hfb-mobile-header-display":"","site-post-title":"","ast-breadcrumbs-content":"","ast-featured-img":"","footer-sml-layout":"","theme-transparent-header-meta":"default","adv-header-id-meta":"","stick-header-meta":"","header-above-stick-meta":"","header-main-stick-meta":"","header-below-stick-meta":"","astra-migrate-meta-layouts":"set","ast-page-background-enabled":"default","ast-page-background-meta":{"desktop":{"background-color":"var(--ast-global-color-4)","background-image":"","background-repeat":"repeat","background-position":"center center","background-size":"auto","background-attachment":"scroll","background-type":"","background-media":"","overlay-type":"","overlay-color":"","overlay-opacity":"","overlay-gradient":""},"tablet":{"background-color":"","background-image":"","background-repeat":"repeat","background-position":"center center","background-size":"auto","background-attachment":"scroll","background-type":"","background-media":"","overlay-type":"","overlay-color":"","overlay-opacity":"","overlay-gradient":""},"mobile":{"background-color":"","background-image":"","background-repeat":"repeat","background-position":"center center","background-size":"auto","background-attachment":"scroll","background-type":"","background-media":"","overlay-type":"","overlay-color":"","overlay-opacity":"","overlay-gradient":""}},"ast-content-background-meta":{"desktop":{"background-color":"var(--ast-global-color-5)","background-image":"","background-repeat":"repeat","background-position":"center center","background-size":"auto","background-attachment":"scroll","background-type":"","background-media":"","overlay-type":"","overlay-color":"","overlay-opacity":"","overlay-gradient":""},"tablet":{"background-color":"var(--ast-global-color-5)","background-image":"","background-repeat":"repeat","background-position":"center center","background-size":"auto","background-attachment":"scroll","background-type":"","background-media":"","overlay-type":"","overlay-color":"","overlay-opacity":"","overlay-gradient":""},"mobile":{"background-color":"var(--ast-global-color-5)","background-image":"","background-repeat":"repeat","background-position":"center center","background-size":"auto","background-attachment":"scroll","background-type":"","background-media":"","overlay-type":"","overlay-color":"","overlay-opacity":"","overlay-gradient":""}}},"product_brand":[],"product_cat":[38,40,37],"product_tag":[],"class_list":{"0":"post-2078","1":"product","2":"type-product","3":"status-publish","4":"has-post-thumbnail","6":"product_cat-leafy","7":"product_cat-partial-sun","8":"product_cat-sunny","9":"desktop-align-left","10":"tablet-align-left","11":"mobile-align-left","13":"first","14":"instock","15":"shipping-taxable","16":"product-type-simple"},"aioseo_notices":[],"uagb_featured_image_src":{"full":["https:\/\/escouadedesarbres.ca\/wp-content\/uploads\/2025\/04\/Amur-Maple.jpg",474,474,false],"thumbnail":["https:\/\/escouadedesarbres.ca\/wp-content\/uploads\/2025\/04\/Amur-Maple-150x150.jpg",150,150,true],"medium":["https:\/\/escouadedesarbres.ca\/wp-content\/uploads\/2025\/04\/Amur-Maple-300x300.jpg",300,300,true],"medium_large":["https:\/\/escouadedesarbres.ca\/wp-content\/uploads\/2025\/04\/Amur-Maple.jpg",474,474,false],"large":["https:\/\/escouadedesarbres.ca\/wp-content\/uploads\/2025\/04\/Amur-Maple.jpg",474,474,false],"1536x1536":["https:\/\/escouadedesarbres.ca\/wp-content\/uploads\/2025\/04\/Amur-Maple.jpg",474,474,false],"2048x2048":["https:\/\/escouadedesarbres.ca\/wp-content\/uploads\/2025\/04\/Amur-Maple.jpg",474,474,false],"trp-custom-language-flag":["https:\/\/escouadedesarbres.ca\/wp-content\/uploads\/2025\/04\/Amur-Maple-12x12.jpg",12,12,true],"woocommerce_thumbnail":["https:\/\/escouadedesarbres.ca\/wp-content\/uploads\/2025\/04\/Amur-Maple-300x300.jpg",300,300,true],"woocommerce_single":["https:\/\/escouadedesarbres.ca\/wp-content\/uploads\/2025\/04\/Amur-Maple.jpg",474,474,false],"woocommerce_gallery_thumbnail":["https:\/\/escouadedesarbres.ca\/wp-content\/uploads\/2025\/04\/Amur-Maple-100x100.jpg",100,100,true]},"uagb_author_info":{"display_name":"Nicolas Desjardins","author_link":"https:\/\/escouadedesarbres.ca\/fr\/author\/"},"uagb_comment_info":0,"uagb_excerpt":"Latin Name (scientific) Acer ginnala Feuillage : Feuilles vertes \u00e0 trois lobes, devenant rouge vif \u00e0 l&#8217;automne. Floraison : Petites fleurs jaune-vert au printemps. Fruits : Samares rouges (ailes doubles) en fin d&#8217;\u00e9t\u00e9. Rusticit\u00e9 : Tr\u00e8s r\u00e9sistant au froid (zone 2), adapt\u00e9 aux climats nordiques. Utilisation : Souvent plant\u00e9 comme arbre ornemental ou en haie.\u200b","_links":{"self":[{"href":"https:\/\/escouadedesarbres.ca\/fr\/wp-json\/wp\/v2\/product\/2078","targetHints":{"allow":["GET"]}}],"collection":[{"href":"https:\/\/escouadedesarbres.ca\/fr\/wp-json\/wp\/v2\/product"}],"about":[{"href":"https:\/\/escouadedesarbres.ca\/fr\/wp-json\/wp\/v2\/types\/product"}],"replies":[{"embeddable":true,"href":"https:\/\/escouadedesarbres.ca\/fr\/wp-json\/wp\/v2\/comments?post=2078"}],"wp:featuredmedia":[{"embeddable":true,"href":"https:\/\/escouadedesarbres.ca\/fr\/wp-json\/wp\/v2\/media\/2122"}],"wp:attachment":[{"href":"https:\/\/escouadedesarbres.ca\/fr\/wp-json\/wp\/v2\/media?parent=2078"}],"wp:term":[{"taxonomy":"product_brand","embeddable":true,"href":"https:\/\/escouadedesarbres.ca\/fr\/wp-json\/wp\/v2\/product_brand?post=2078"},{"taxonomy":"product_cat","embeddable":true,"href":"https:\/\/escouadedesarbres.ca\/fr\/wp-json\/wp\/v2\/product_cat?post=2078"},{"taxonomy":"product_tag","embeddable":true,"href":"https:\/\/escouadedesarbres.ca\/fr\/wp-json\/wp\/v2\/product_tag?post=2078"}],"curies":[{"name":"wp","href":"https:\/\/api.w.org\/{rel}","templated":true}]}}