{"id":2099,"date":"2025-04-29T23:48:10","date_gmt":"2025-04-29T23:48:10","guid":{"rendered":"https:\/\/escouadedesarbres.ca\/product\/makamik-crabapple\/"},"modified":"2025-04-30T00:08:06","modified_gmt":"2025-04-30T00:08:06","slug":"makamik-crabapple","status":"publish","type":"product","link":"https:\/\/escouadedesarbres.ca\/fr\/produit\/makamik-crabapple\/","title":{"rendered":"Makamik crabapple"},"content":{"rendered":"<h3 class=\"\" data-start=\"272\" data-end=\"303\">Latin Name (scientific)<\/h3>\n<p class=\"\" data-start=\"256\" data-end=\"275\"><strong data-start=\"256\" data-end=\"275\">Malus &#8216;Makamik&#8217;<\/strong><\/p>\n<ul>\n<li class=\"\" data-start=\"728\" data-end=\"822\">\n<p class=\"\" data-start=\"730\" data-end=\"822\"><strong data-start=\"730\" data-end=\"738\">Port<\/strong> : <span class=\"relative -mx-px my-[-0.2rem] rounded px-px py-[0.2rem] transition-colors duration-100 ease-in-out\">Couronne arrondie, semi-pleureuse, avec un feuillage dense.<\/span>\u200b<\/p>\n<\/li>\n<li class=\"\" data-start=\"824\" data-end=\"925\">\n<p class=\"\" data-start=\"826\" data-end=\"925\"><strong data-start=\"826\" data-end=\"839\">Feuillage<\/strong> : <span class=\"relative -mx-px my-[-0.2rem] rounded px-px py-[0.2rem] transition-colors duration-100 ease-in-out\">Feuilles ovales, pourpres au d\u00e9bourrement, virant au vert fonc\u00e9 en \u00e9t\u00e9, puis au jaune \u00e0 l&#8217;automne.<\/span>\u200b<\/p>\n<\/li>\n<li class=\"\" data-start=\"927\" data-end=\"1030\">\n<p class=\"\" data-start=\"929\" data-end=\"1030\"><strong data-start=\"929\" data-end=\"942\">Floraison<\/strong> : <span class=\"relative -mx-px my-[-0.2rem] rounded px-px py-[0.2rem] transition-colors duration-100 ease-in-out\">Au printemps, abondantes fleurs simples rose fonc\u00e9 \u00e0 pourpre, de 4 \u00e0 5 cm de diam\u00e8tre.<\/span>\u200b<\/p>\n<\/li>\n<li class=\"\" data-start=\"1032\" data-end=\"1132\">\n<p class=\"\" data-start=\"1034\" data-end=\"1132\"><strong data-start=\"1034\" data-end=\"1044\">Fruits<\/strong> : <span class=\"relative -mx-px my-[-0.2rem] rounded px-px py-[0.2rem] transition-colors duration-100 ease-in-out\">Petites pommes rouge fonc\u00e9 de 2 \u00e0 2,5 cm de diam\u00e8tre, persistantes jusqu&#8217;en hiver.<\/span>\u200b<\/p>\n<\/li>\n<li class=\"\" data-start=\"1134\" data-end=\"1237\">\n<p class=\"\" data-start=\"1136\" data-end=\"1237\"><strong data-start=\"1136\" data-end=\"1149\">Rusticit\u00e9<\/strong> : <span class=\"relative -mx-px my-[-0.2rem] rounded px-px py-[0.2rem] transition-colors duration-100 ease-in-out\">Zones USDA 2b \u00e0 8, adapt\u00e9 aux climats froids et temp\u00e9r\u00e9s.<\/span>\u200b<\/p>\n<\/li>\n<li class=\"\" data-start=\"1239\" data-end=\"1350\">\n<p class=\"\" data-start=\"1241\" data-end=\"1350\"><strong data-start=\"1241\" data-end=\"1262\">Sol et exposition<\/strong> : <span class=\"relative -mx-px my-[-0.2rem] rounded px-px py-[0.2rem] transition-colors duration-100 ease-in-out\">Pr\u00e9f\u00e8re les sols bien drain\u00e9s ; tol\u00e8re une large gamme de pH et d&#8217;expositions.<\/span>\u200b<\/p>\n<\/li>\n<li class=\"\" data-start=\"1352\" data-end=\"1457\">\n<p class=\"\" data-start=\"1354\" data-end=\"1457\"><strong data-start=\"1354\" data-end=\"1369\">Utilisation<\/strong> : <span class=\"relative -mx-px my-[-0.2rem] rounded px-px py-[0.2rem] transition-colors duration-100 ease-in-out\">Arbre ornemental appr\u00e9ci\u00e9 pour sa floraison printani\u00e8re, ses fruits d\u00e9coratifs et sa tol\u00e9rance \u00e0 la pollution urbaine.<\/span><\/p>\n<\/li>\n<\/ul>","protected":false},"excerpt":{"rendered":"<p>Latin Name (scientific) Malus &#8216;Makamik&#8217; Port : Couronne arrondie, semi-pleureuse, avec un feuillage dense.\u200b Feuillage : Feuilles ovales, pourpres au d\u00e9bourrement, virant au vert fonc\u00e9 en \u00e9t\u00e9, puis au jaune \u00e0 l&#8217;automne.\u200b Floraison : Au printemps, abondantes fleurs simples rose fonc\u00e9 \u00e0 pourpre, de 4 \u00e0 5 cm de diam\u00e8tre.\u200b Fruits : Petites pommes rouge [&hellip;]<\/p>","protected":false},"featured_media":2142,"comment_status":"open","ping_status":"closed","template":"","meta":{"_uag_custom_page_level_css":"","site-sidebar-layout":"default","site-content-layout":"","ast-site-content-layout":"default","site-content-style":"default","site-sidebar-style":"default","ast-global-header-display":"","ast-banner-title-visibility":"","ast-main-header-display":"","ast-hfb-above-header-display":"","ast-hfb-below-header-display":"","ast-hfb-mobile-header-display":"","site-post-title":"","ast-breadcrumbs-content":"","ast-featured-img":"","footer-sml-layout":"","ast-disable-related-posts":"","theme-transparent-header-meta":"default","adv-header-id-meta":"","stick-header-meta":"","header-above-stick-meta":"","header-main-stick-meta":"","header-below-stick-meta":"","astra-migrate-meta-layouts":"set","ast-page-background-enabled":"default","ast-page-background-meta":{"desktop":{"background-color":"var(--ast-global-color-4)","background-image":"","background-repeat":"repeat","background-position":"center center","background-size":"auto","background-attachment":"scroll","background-type":"","background-media":"","overlay-type":"","overlay-color":"","overlay-opacity":"","overlay-gradient":""},"tablet":{"background-color":"","background-image":"","background-repeat":"repeat","background-position":"center center","background-size":"auto","background-attachment":"scroll","background-type":"","background-media":"","overlay-type":"","overlay-color":"","overlay-opacity":"","overlay-gradient":""},"mobile":{"background-color":"","background-image":"","background-repeat":"repeat","background-position":"center center","background-size":"auto","background-attachment":"scroll","background-type":"","background-media":"","overlay-type":"","overlay-color":"","overlay-opacity":"","overlay-gradient":""}},"ast-content-background-meta":{"desktop":{"background-color":"var(--ast-global-color-5)","background-image":"","background-repeat":"repeat","background-position":"center center","background-size":"auto","background-attachment":"scroll","background-type":"","background-media":"","overlay-type":"","overlay-color":"","overlay-opacity":"","overlay-gradient":""},"tablet":{"background-color":"var(--ast-global-color-5)","background-image":"","background-repeat":"repeat","background-position":"center center","background-size":"auto","background-attachment":"scroll","background-type":"","background-media":"","overlay-type":"","overlay-color":"","overlay-opacity":"","overlay-gradient":""},"mobile":{"background-color":"var(--ast-global-color-5)","background-image":"","background-repeat":"repeat","background-position":"center center","background-size":"auto","background-attachment":"scroll","background-type":"","background-media":"","overlay-type":"","overlay-color":"","overlay-opacity":"","overlay-gradient":""}}},"product_brand":[],"product_cat":[35,38,37],"product_tag":[],"class_list":{"0":"post-2099","1":"product","2":"type-product","3":"status-publish","4":"has-post-thumbnail","6":"product_cat-edible","7":"product_cat-leafy","8":"product_cat-sunny","9":"desktop-align-left","10":"tablet-align-left","11":"mobile-align-left","13":"first","14":"instock","15":"shipping-taxable","16":"product-type-simple"},"aioseo_notices":[],"uagb_featured_image_src":{"full":["https:\/\/escouadedesarbres.ca\/wp-content\/uploads\/2025\/04\/Makamik-crabapple1.jpg",474,474,false],"thumbnail":["https:\/\/escouadedesarbres.ca\/wp-content\/uploads\/2025\/04\/Makamik-crabapple1-150x150.jpg",150,150,true],"medium":["https:\/\/escouadedesarbres.ca\/wp-content\/uploads\/2025\/04\/Makamik-crabapple1-300x300.jpg",300,300,true],"medium_large":["https:\/\/escouadedesarbres.ca\/wp-content\/uploads\/2025\/04\/Makamik-crabapple1.jpg",474,474,false],"large":["https:\/\/escouadedesarbres.ca\/wp-content\/uploads\/2025\/04\/Makamik-crabapple1.jpg",474,474,false],"1536x1536":["https:\/\/escouadedesarbres.ca\/wp-content\/uploads\/2025\/04\/Makamik-crabapple1.jpg",474,474,false],"2048x2048":["https:\/\/escouadedesarbres.ca\/wp-content\/uploads\/2025\/04\/Makamik-crabapple1.jpg",474,474,false],"trp-custom-language-flag":["https:\/\/escouadedesarbres.ca\/wp-content\/uploads\/2025\/04\/Makamik-crabapple1-12x12.jpg",12,12,true],"woocommerce_thumbnail":["https:\/\/escouadedesarbres.ca\/wp-content\/uploads\/2025\/04\/Makamik-crabapple1-300x300.jpg",300,300,true],"woocommerce_single":["https:\/\/escouadedesarbres.ca\/wp-content\/uploads\/2025\/04\/Makamik-crabapple1.jpg",474,474,false],"woocommerce_gallery_thumbnail":["https:\/\/escouadedesarbres.ca\/wp-content\/uploads\/2025\/04\/Makamik-crabapple1-100x100.jpg",100,100,true]},"uagb_author_info":{"display_name":"Nicolas Desjardins","author_link":"https:\/\/escouadedesarbres.ca\/fr\/author\/"},"uagb_comment_info":0,"uagb_excerpt":"Latin Name (scientific) Malus &#8216;Makamik&#8217; Port : Couronne arrondie, semi-pleureuse, avec un feuillage dense.\u200b Feuillage : Feuilles ovales, pourpres au d\u00e9bourrement, virant au vert fonc\u00e9 en \u00e9t\u00e9, puis au jaune \u00e0 l&#8217;automne.\u200b Floraison : Au printemps, abondantes fleurs simples rose fonc\u00e9 \u00e0 pourpre, de 4 \u00e0 5 cm de diam\u00e8tre.\u200b Fruits : Petites pommes rouge&hellip;","_links":{"self":[{"href":"https:\/\/escouadedesarbres.ca\/fr\/wp-json\/wp\/v2\/product\/2099","targetHints":{"allow":["GET"]}}],"collection":[{"href":"https:\/\/escouadedesarbres.ca\/fr\/wp-json\/wp\/v2\/product"}],"about":[{"href":"https:\/\/escouadedesarbres.ca\/fr\/wp-json\/wp\/v2\/types\/product"}],"replies":[{"embeddable":true,"href":"https:\/\/escouadedesarbres.ca\/fr\/wp-json\/wp\/v2\/comments?post=2099"}],"wp:featuredmedia":[{"embeddable":true,"href":"https:\/\/escouadedesarbres.ca\/fr\/wp-json\/wp\/v2\/media\/2142"}],"wp:attachment":[{"href":"https:\/\/escouadedesarbres.ca\/fr\/wp-json\/wp\/v2\/media?parent=2099"}],"wp:term":[{"taxonomy":"product_brand","embeddable":true,"href":"https:\/\/escouadedesarbres.ca\/fr\/wp-json\/wp\/v2\/product_brand?post=2099"},{"taxonomy":"product_cat","embeddable":true,"href":"https:\/\/escouadedesarbres.ca\/fr\/wp-json\/wp\/v2\/product_cat?post=2099"},{"taxonomy":"product_tag","embeddable":true,"href":"https:\/\/escouadedesarbres.ca\/fr\/wp-json\/wp\/v2\/product_tag?post=2099"}],"curies":[{"name":"wp","href":"https:\/\/api.w.org\/{rel}","templated":true}]}}